{"id":309,"date":"2020-01-13T11:17:52","date_gmt":"2020-01-13T11:17:52","guid":{"rendered":"https:\/\/demosites.io\/web-agency-gb\/?page_id=5"},"modified":"2026-04-27T15:04:41","modified_gmt":"2026-04-27T13:04:41","slug":"15c42-web-agency-gb-home","status":"publish","type":"page","link":"https:\/\/plumesdesonges.fr\/","title":{"rendered":"Accueil"},"content":{"rendered":"\n<div class=\"wp-block-cover alignfull is-light\" style=\"min-height:700px;aspect-ratio:unset;\"><img loading=\"lazy\" decoding=\"async\" width=\"1920\" height=\"2560\" class=\"wp-block-cover__image-background wp-image-49\" alt=\"\" src=\"http:\/\/plumesdesonges.fr\/wp-content\/uploads\/2023\/09\/20230811_135404-scaled.jpg\" data-object-fit=\"cover\" srcset=\"https:\/\/plumesdesonges.fr\/wp-content\/uploads\/2023\/09\/20230811_135404-scaled.jpg 1920w, https:\/\/plumesdesonges.fr\/wp-content\/uploads\/2023\/09\/20230811_135404-225x300.jpg 225w, https:\/\/plumesdesonges.fr\/wp-content\/uploads\/2023\/09\/20230811_135404-768x1024.jpg 768w, https:\/\/plumesdesonges.fr\/wp-content\/uploads\/2023\/09\/20230811_135404-1152x1536.jpg 1152w, https:\/\/plumesdesonges.fr\/wp-content\/uploads\/2023\/09\/20230811_135404-1536x2048.jpg 1536w\" sizes=\"auto, (max-width: 1920px) 100vw, 1920px\" \/><span aria-hidden=\"true\" class=\"wp-block-cover__background has-background-dim-0 has-background-dim\"><\/span><div class=\"wp-block-cover__inner-container is-layout-flow wp-block-cover-is-layout-flow\">\n<div style=\"height:80px\" aria-hidden=\"true\" class=\"wp-block-spacer\"><\/div>\n\n\n\n<h1 class=\"wp-block-heading has-text-align-center has-text-color\" style=\"color:#121212\"><mark style=\"background-color:rgba(0, 0, 0, 0)\" class=\"has-inline-color has-nv-site-bg-color\">Plumes de Songes<\/mark><\/h1>\n\n\n\n<p class=\"has-text-align-center has-text-color\" style=\"color:#121212;font-size:17px\"><mark style=\"background-color:rgba(0, 0, 0, 0)\" class=\"has-inline-color has-nv-site-bg-color\">Compagnie de spectacle vivant&nbsp;: contes, marionnettes, th\u00e9\u00e2tre d\u2019ombres.<\/mark><\/p>\n\n\n\n<div style=\"height:80px\" aria-hidden=\"true\" class=\"wp-block-spacer\"><\/div>\n\n\n\n<p><\/p>\n\n\n\n<p><\/p>\n\n\n\n<p class=\"has-text-align-right\"><mark style=\"background-color:rgba(0, 0, 0, 0)\" class=\"has-inline-color has-nv-site-bg-color\"><em>Suivez-nous sur les r\u00e9seaux :<\/em> <a href=\"https:\/\/www.instagram.com\/plumesdesonges\/?fbclid=IwAR12jDE6FrcCzlTjNSpCP3Hnja2mTMh-q6RojHr4ceybBNt6YV3757Buunw\">Instagram<\/a>    <\/mark><a href=\"https:\/\/www.facebook.com\/profile.php?id=100063719123640\">Facebook<\/a>   <\/p>\n<\/div><\/div>\n\n\n\n<div class=\"wp-block-cover alignfull has-nv-dark-bg-color has-text-color\" style=\"min-height:600px;aspect-ratio:unset;\"><span aria-hidden=\"true\" class=\"wp-block-cover__background has-nv-site-bg-background-color has-background-dim\"><\/span><div class=\"wp-block-cover__inner-container is-layout-flow wp-block-cover-is-layout-flow\">\n<div class=\"wp-block-group\"><div class=\"wp-block-group__inner-container is-layout-flow wp-block-group-is-layout-flow\">\n<div style=\"height:80px\" aria-hidden=\"true\" class=\"wp-block-spacer\"><\/div>\n\n\n\n<div class=\"wp-block-columns are-vertically-aligned-center is-layout-flex wp-container-core-columns-is-layout-9d6595d7 wp-block-columns-is-layout-flex\">\n<div class=\"wp-block-column is-vertically-aligned-center is-layout-flow wp-block-column-is-layout-flow\" style=\"flex-basis:50%\">\n<h1 class=\"wp-block-heading has-text-align-left has-neve-text-color-color has-text-color\"><\/h1>\n\n\n\n<figure class=\"wp-block-image size-large\"><img loading=\"lazy\" decoding=\"async\" width=\"1024\" height=\"1024\" src=\"https:\/\/plumesdesonges.fr\/wp-content\/uploads\/2026\/01\/lv_0_2025120921471012-1-1024x1024.jpg\" alt=\"\" class=\"wp-image-935\" srcset=\"https:\/\/plumesdesonges.fr\/wp-content\/uploads\/2026\/01\/lv_0_2025120921471012-1-1024x1024.jpg 1024w, https:\/\/plumesdesonges.fr\/wp-content\/uploads\/2026\/01\/lv_0_2025120921471012-1-300x300.jpg 300w, https:\/\/plumesdesonges.fr\/wp-content\/uploads\/2026\/01\/lv_0_2025120921471012-1-150x150.jpg 150w, https:\/\/plumesdesonges.fr\/wp-content\/uploads\/2026\/01\/lv_0_2025120921471012-1-768x768.jpg 768w, https:\/\/plumesdesonges.fr\/wp-content\/uploads\/2026\/01\/lv_0_2025120921471012-1-1536x1536.jpg 1536w, https:\/\/plumesdesonges.fr\/wp-content\/uploads\/2026\/01\/lv_0_2025120921471012-1-2048x2048.jpg 2048w\" sizes=\"auto, (max-width: 1024px) 100vw, 1024px\" \/><\/figure>\n\n\n\n<h2 class=\"wp-block-heading has-text-align-center\"><em>Siamoises<\/em><\/h2>\n\n\n\n<p class=\"has-text-align-center\"><strong>en cours de cr\u00e9ation<\/strong><\/p>\n\n\n\n<p><\/p>\n\n\n\n<p><\/p>\n\n\n\n<p><\/p>\n\n\n\n<p><\/p>\n\n\n\n<p><\/p>\n\n\n\n<p><\/p>\n\n\n\n<p><\/p>\n\n\n\n<figure class=\"wp-block-gallery has-nested-images columns-default is-cropped wp-block-gallery-1 is-layout-flex wp-block-gallery-is-layout-flex\">\n<figure class=\"wp-block-image size-large\"><img loading=\"lazy\" decoding=\"async\" width=\"1024\" height=\"1024\" data-id=\"936\" src=\"https:\/\/plumesdesonges.fr\/wp-content\/uploads\/2026\/01\/TAT1-1024x1024.jpg\" alt=\"\" class=\"wp-image-936\" srcset=\"https:\/\/plumesdesonges.fr\/wp-content\/uploads\/2026\/01\/TAT1-1024x1024.jpg 1024w, https:\/\/plumesdesonges.fr\/wp-content\/uploads\/2026\/01\/TAT1-300x300.jpg 300w, https:\/\/plumesdesonges.fr\/wp-content\/uploads\/2026\/01\/TAT1-150x150.jpg 150w, https:\/\/plumesdesonges.fr\/wp-content\/uploads\/2026\/01\/TAT1-768x768.jpg 768w, https:\/\/plumesdesonges.fr\/wp-content\/uploads\/2026\/01\/TAT1.jpg 1437w\" sizes=\"auto, (max-width: 1024px) 100vw, 1024px\" \/><\/figure>\n<\/figure>\n\n\n\n<p><\/p>\n\n\n\n<h2 class=\"wp-block-heading has-text-align-center\"><em>T\u00eate-\u00e0-t\u00eate<\/em><\/h2>\n\n\n\n<p><\/p>\n\n\n\n<p><\/p>\n\n\n\n<p><\/p>\n\n\n\n<p><\/p>\n\n\n\n<p><\/p>\n\n\n\n<p><\/p>\n\n\n\n<figure class=\"wp-block-gallery has-nested-images columns-default is-cropped wp-block-gallery-2 is-layout-flex wp-block-gallery-is-layout-flex\">\n<figure class=\"wp-block-image size-large\"><img loading=\"lazy\" decoding=\"async\" width=\"1024\" height=\"768\" data-id=\"52\" src=\"https:\/\/plumesdesonges.fr\/wp-content\/uploads\/2023\/09\/20230811_135651-02-1024x768.jpeg\" alt=\"\" class=\"wp-image-52\" srcset=\"https:\/\/plumesdesonges.fr\/wp-content\/uploads\/2023\/09\/20230811_135651-02-1024x768.jpeg 1024w, https:\/\/plumesdesonges.fr\/wp-content\/uploads\/2023\/09\/20230811_135651-02-300x225.jpeg 300w, https:\/\/plumesdesonges.fr\/wp-content\/uploads\/2023\/09\/20230811_135651-02-768x576.jpeg 768w, https:\/\/plumesdesonges.fr\/wp-content\/uploads\/2023\/09\/20230811_135651-02-1536x1152.jpeg 1536w, https:\/\/plumesdesonges.fr\/wp-content\/uploads\/2023\/09\/20230811_135651-02-2048x1536.jpeg 2048w\" sizes=\"auto, (max-width: 1024px) 100vw, 1024px\" \/><\/figure>\n<\/figure>\n\n\n\n<p><\/p>\n\n\n\n<h2 class=\"wp-block-heading has-text-align-center\"><em>L&#8217;histoire d&#8217;Hateya la chamane et autres contes am\u00e9rindiens<\/em><\/h2>\n\n\n\n<p><\/p>\n\n\n\n<p><\/p>\n\n\n\n<p><\/p>\n\n\n\n<p><\/p>\n\n\n\n<p><\/p>\n\n\n\n<p><\/p>\n\n\n\n<figure class=\"wp-block-gallery has-nested-images columns-default is-cropped wp-block-gallery-3 is-layout-flex wp-block-gallery-is-layout-flex\">\n<figure class=\"wp-block-image size-large\"><img loading=\"lazy\" decoding=\"async\" width=\"768\" height=\"1024\" data-id=\"44\" src=\"https:\/\/plumesdesonges.fr\/wp-content\/uploads\/2023\/09\/20230811_132741-01-01-768x1024.jpeg\" alt=\"\" class=\"wp-image-44\" srcset=\"https:\/\/plumesdesonges.fr\/wp-content\/uploads\/2023\/09\/20230811_132741-01-01-768x1024.jpeg 768w, https:\/\/plumesdesonges.fr\/wp-content\/uploads\/2023\/09\/20230811_132741-01-01-225x300.jpeg 225w, https:\/\/plumesdesonges.fr\/wp-content\/uploads\/2023\/09\/20230811_132741-01-01-1152x1536.jpeg 1152w, https:\/\/plumesdesonges.fr\/wp-content\/uploads\/2023\/09\/20230811_132741-01-01-1536x2048.jpeg 1536w, https:\/\/plumesdesonges.fr\/wp-content\/uploads\/2023\/09\/20230811_132741-01-01-scaled.jpeg 1920w\" sizes=\"auto, (max-width: 768px) 100vw, 768px\" \/><\/figure>\n<\/figure>\n\n\n\n<p><\/p>\n\n\n\n<h2 class=\"wp-block-heading has-text-align-center\"><em>3 Contes am\u00e9rindiens<\/em><\/h2>\n\n\n\n<div class=\"wp-block-group is-vertical is-layout-flex wp-container-core-group-is-layout-8cf370e7 wp-block-group-is-layout-flex\">\n<p><strong><em>L\u2019origine du monde &#8211; A la recherche de la lumi\u00e8re &#8211; Le petit colibri<\/em><\/strong><\/p>\n\n\n\n<div class=\"wp-block-buttons is-layout-flex wp-block-buttons-is-layout-flex\"><\/div>\n<\/div>\n\n\n\n<div class=\"wp-block-columns is-layout-flex wp-container-core-columns-is-layout-9d6595d7 wp-block-columns-is-layout-flex\">\n<div class=\"wp-block-column is-layout-flow wp-block-column-is-layout-flow\" style=\"flex-basis:100%\">\n<div class=\"wp-block-columns is-layout-flex wp-container-core-columns-is-layout-9d6595d7 wp-block-columns-is-layout-flex\">\n<div class=\"wp-block-column is-layout-flow wp-block-column-is-layout-flow\" style=\"flex-basis:100%\">\n<div style=\"height:40px\" aria-hidden=\"true\" class=\"wp-block-spacer\"><\/div>\n\n\n\n<figure class=\"wp-block-gallery has-nested-images columns-default is-cropped wp-block-gallery-4 is-layout-flex wp-block-gallery-is-layout-flex\"><\/figure>\n<\/div>\n<\/div>\n\n\n\n<p class=\"has-text-align-center\"><\/p>\n\n\n\n<p class=\"has-text-align-center\"><\/p>\n\n\n\n<p><\/p>\n<\/div>\n<\/div>\n<\/div>\n<\/div>\n\n\n\n<div style=\"height:40px\" aria-hidden=\"true\" class=\"wp-block-spacer\"><\/div>\n<\/div><\/div>\n<\/div><\/div>\n\n\n\n<div class=\"wp-block-cover alignfull\" style=\"min-height:600px;aspect-ratio:unset;\"><span aria-hidden=\"true\" class=\"wp-block-cover__background has-nv-dark-bg-background-color has-background-dim-100 has-background-dim\"><\/span><div class=\"wp-block-cover__inner-container is-layout-flow wp-block-cover-is-layout-flow\">\n<div class=\"wp-block-group\"><div class=\"wp-block-group__inner-container is-layout-flow wp-block-group-is-layout-flow\">\n<div style=\"height:80px\" aria-hidden=\"true\" class=\"wp-block-spacer\"><\/div>\n\n\n\n<div class=\"wp-block-columns are-vertically-aligned-center is-layout-flex wp-container-core-columns-is-layout-9d6595d7 wp-block-columns-is-layout-flex\">\n<div class=\"wp-block-column is-vertically-aligned-center is-layout-flow wp-block-column-is-layout-flow\" style=\"flex-basis:50%\">\n<figure class=\"wp-block-image size-large\"><img loading=\"lazy\" decoding=\"async\" width=\"1024\" height=\"1024\" src=\"https:\/\/plumesdesonges.fr\/wp-content\/uploads\/2024\/11\/20241014_0905061-1-1024x1024.jpg\" alt=\"\" class=\"wp-image-709\" srcset=\"https:\/\/plumesdesonges.fr\/wp-content\/uploads\/2024\/11\/20241014_0905061-1-1024x1024.jpg 1024w, https:\/\/plumesdesonges.fr\/wp-content\/uploads\/2024\/11\/20241014_0905061-1-300x300.jpg 300w, https:\/\/plumesdesonges.fr\/wp-content\/uploads\/2024\/11\/20241014_0905061-1-150x150.jpg 150w, https:\/\/plumesdesonges.fr\/wp-content\/uploads\/2024\/11\/20241014_0905061-1-768x768.jpg 768w, https:\/\/plumesdesonges.fr\/wp-content\/uploads\/2024\/11\/20241014_0905061-1-1536x1536.jpg 1536w, https:\/\/plumesdesonges.fr\/wp-content\/uploads\/2024\/11\/20241014_0905061-1-2048x2048.jpg 2048w\" sizes=\"auto, (max-width: 1024px) 100vw, 1024px\" \/><\/figure>\n<\/div>\n\n\n\n<div class=\"wp-block-column is-vertically-aligned-center is-layout-flow wp-block-column-is-layout-flow\" style=\"flex-basis:50%\">\n<div style=\"height:40px\" aria-hidden=\"true\" class=\"wp-block-spacer\"><\/div>\n\n\n\n<h1 class=\"wp-block-heading has-text-align-left has-nv-text-dark-bg-color has-text-color\"><\/h1>\n\n\n\n<h2 class=\"wp-block-heading\">Actualit\u00e9s<\/h2>\n\n\n\n<p><\/p>\n\n\n\n<p>Nouveau spectacle en cr\u00e9ation &#8220;Siamoises&#8221; : solo de masques et marionnettes<\/p>\n\n\n\n<p>Prochaines dates :<\/p>\n\n\n\n<ul class=\"wp-block-list\">\n<li>r\u00e9sidence de cr\u00e9ation pour <strong>Siamoises<\/strong> \u00e0 l&#8217;Espace Dantza (Pau) du 7 au 10 juillet 2026<\/li>\n\n\n\n<li>r\u00e9sidence de cr\u00e9ation pour <strong>Siamoises<\/strong> \u00e0 l&#8217;atelier du Neez (Juran\u00e7on) du 8 au 12 f\u00e9vrier 2027<\/li>\n<\/ul>\n\n\n\n<p><\/p>\n\n\n\n<p><\/p>\n\n\n\n<div class=\"wp-block-buttons is-horizontal is-content-justification-left is-layout-flex wp-container-core-buttons-is-layout-7e5fce0a wp-block-buttons-is-layout-flex\"><\/div>\n<\/div>\n<\/div>\n\n\n\n<div style=\"height:50px\" aria-hidden=\"true\" class=\"wp-block-spacer\"><\/div>\n<\/div><\/div>\n<\/div><\/div>\n\n\n\n<div class=\"wp-block-cover alignfull\" style=\"min-height:300px;aspect-ratio:unset;\"><span aria-hidden=\"true\" class=\"wp-block-cover__background has-nv-dark-bg-background-color has-background-dim-100 has-background-dim\"><\/span><div class=\"wp-block-cover__inner-container is-layout-flow wp-block-cover-is-layout-flow\">\n<h2 class=\"wp-block-heading has-text-align-center has-nv-text-dark-bg-color has-text-color\">Contact et informations<\/h2>\n\n\n\n<p class=\"has-text-align-center\">plumesdesonges@gmail.com<\/p>\n\n\n\n<p><\/p>\n\n\n\n<div class=\"wp-block-buttons is-horizontal is-content-justification-center is-layout-flex wp-container-core-buttons-is-layout-499968f5 wp-block-buttons-is-layout-flex\"><\/div>\n\n\n\n<div style=\"height:140px\" aria-hidden=\"true\" class=\"wp-block-spacer\"><\/div>\n<\/div><\/div>\n","protected":false},"excerpt":{"rendered":"","protected":false},"author":1,"featured_media":0,"parent":0,"menu_order":0,"comment_status":"closed","ping_status":"closed","template":"","meta":{"neve_meta_sidebar":"default","neve_meta_container":"default","neve_meta_enable_content_width":"on","neve_meta_content_width":100,"neve_meta_title_alignment":"","neve_meta_author_avatar":"","neve_post_elements_order":"","neve_meta_disable_header":"","neve_meta_disable_footer":"","neve_meta_disable_title":"on","_themeisle_gutenberg_block_has_review":false,"footnotes":""},"class_list":["post-309","page","type-page","status-publish","hentry"],"_links":{"self":[{"href":"https:\/\/plumesdesonges.fr\/index.php\/wp-json\/wp\/v2\/pages\/309","targetHints":{"allow":["GET"]}}],"collection":[{"href":"https:\/\/plumesdesonges.fr\/index.php\/wp-json\/wp\/v2\/pages"}],"about":[{"href":"https:\/\/plumesdesonges.fr\/index.php\/wp-json\/wp\/v2\/types\/page"}],"author":[{"embeddable":true,"href":"https:\/\/plumesdesonges.fr\/index.php\/wp-json\/wp\/v2\/users\/1"}],"replies":[{"embeddable":true,"href":"https:\/\/plumesdesonges.fr\/index.php\/wp-json\/wp\/v2\/comments?post=309"}],"version-history":[{"count":92,"href":"https:\/\/plumesdesonges.fr\/index.php\/wp-json\/wp\/v2\/pages\/309\/revisions"}],"predecessor-version":[{"id":987,"href":"https:\/\/plumesdesonges.fr\/index.php\/wp-json\/wp\/v2\/pages\/309\/revisions\/987"}],"wp:attachment":[{"href":"https:\/\/plumesdesonges.fr\/index.php\/wp-json\/wp\/v2\/media?parent=309"}],"curies":[{"name":"wp","href":"https:\/\/api.w.org\/{rel}","templated":true}]}}