{"id":313,"date":"2020-01-23T18:21:52","date_gmt":"2020-01-23T18:21:52","guid":{"rendered":"https:\/\/demosites.io\/web-agency-gb\/?page_id=61"},"modified":"2025-12-03T09:31:48","modified_gmt":"2025-12-03T08:31:48","slug":"15c42-web-agency-gb-about-us","status":"publish","type":"page","link":"https:\/\/plumesdesonges.fr\/index.php\/15c42-web-agency-gb-about-us\/","title":{"rendered":"La compagnie"},"content":{"rendered":"\n<div class=\"wp-block-cover alignfull\" style=\"min-height:300px;aspect-ratio:unset;\"><span aria-hidden=\"true\" class=\"wp-block-cover__background has-nv-site-bg-background-color has-background-dim-100 has-background-dim\"><\/span><div class=\"wp-block-cover__inner-container is-layout-flow wp-block-cover-is-layout-flow\">\n<div class=\"wp-block-group\"><div class=\"wp-block-group__inner-container is-layout-flow wp-block-group-is-layout-flow\">\n<h1 class=\"wp-block-heading has-text-align-left has-neve-text-color-color has-text-color\">La compagnie<\/h1>\n<\/div><\/div>\n<\/div><\/div>\n\n\n\n<div class=\"wp-block-cover alignfull\" style=\"min-height:660px;aspect-ratio:unset;\"><span aria-hidden=\"true\" class=\"wp-block-cover__background has-nv-dark-bg-background-color has-background-dim-100 has-background-dim\"><\/span><div class=\"wp-block-cover__inner-container is-layout-flow wp-block-cover-is-layout-flow\">\n<div class=\"wp-block-group\"><div class=\"wp-block-group__inner-container is-layout-flow wp-block-group-is-layout-flow\">\n<div class=\"wp-block-columns are-vertically-aligned-top is-layout-flex wp-container-core-columns-is-layout-9d6595d7 wp-block-columns-is-layout-flex\">\n<div class=\"wp-block-column is-vertically-aligned-top is-layout-flow wp-block-column-is-layout-flow\" style=\"flex-basis:50%\">\n<h2 class=\"wp-block-heading\">Plumes de Songes<\/h2>\n\n\n\n<div class=\"wp-block-group is-vertical is-layout-flex wp-container-core-group-is-layout-8cf370e7 wp-block-group-is-layout-flex\">\n<div class=\"wp-block-group is-vertical is-layout-flex wp-container-core-group-is-layout-8cf370e7 wp-block-group-is-layout-flex\">\n<p><em>La l\u00e9g\u00e8ret\u00e9 d\u2019un r\u00eave<\/em><\/p>\n\n\n\n<p><em>Pour ailleurs \u2013 s\u2019envole<\/em>r<\/p>\n\n\n\n<p><\/p>\n<\/div>\n\n\n\n<div class=\"wp-block-group is-vertical is-layout-flex wp-container-core-group-is-layout-8cf370e7 wp-block-group-is-layout-flex\">\n<p><em>S\u2019\u00e9vader, s\u2019abstraire, cr\u00e9er des chim\u00e8res<\/em><\/p>\n\n\n\n<p><em>Comme une parenth\u00e8se<\/em><\/p>\n\n\n\n<p><em>Pour r\u00e9enchanter le monde<\/em><\/p>\n\n\n\n<p><\/p>\n<\/div>\n\n\n\n<p>Cr\u00e9\u00e9e en 2024 \u00e0 Pau pour le spectacle \u00ab&nbsp;L\u2019histoire d\u2019Hateya la chamane et autres contes am\u00e9rindiens&nbsp;\u00bb, elle a pour objectif de favoriser la cr\u00e9ation de spectacles de marionnettes sous toutes ses formes, incluant le th\u00e9\u00e2tre d\u2019ombres et les masques.<\/p>\n\n\n\n<p>&nbsp;&nbsp;&nbsp;&nbsp;&nbsp;&nbsp;&nbsp;&nbsp;&nbsp;&nbsp;&nbsp;&nbsp;&nbsp;&nbsp;&nbsp; Que ce soit au travers du conte dans \u00ab&nbsp;L\u2019histoire d\u2019Hateya&nbsp;\u00bb ou avec des marionnettes \u00e0 gaine dans \u00ab&nbsp;T\u00eate-\u00e0-t\u00eate&nbsp;\u00bb, il s\u2019agit de proposer des univers qui suscitent le questionnement.<\/p>\n<\/div>\n\n\n\n<div style=\"height:20px\" aria-hidden=\"true\" class=\"wp-block-spacer\"><\/div>\n<\/div>\n\n\n\n<div class=\"wp-block-column is-vertically-aligned-center is-layout-flow wp-block-column-is-layout-flow\" style=\"flex-basis:50%\">\n<figure class=\"wp-block-image size-large is-resized\"><img loading=\"lazy\" decoding=\"async\" width=\"768\" height=\"1024\" src=\"http:\/\/plumesdesonges.fr\/wp-content\/uploads\/2023\/09\/logo-768x1024.jpeg\" alt=\"\" class=\"wp-image-68\" style=\"aspect-ratio:0.75;width:368px;height:auto\" srcset=\"https:\/\/plumesdesonges.fr\/wp-content\/uploads\/2023\/09\/logo-768x1024.jpeg 768w, https:\/\/plumesdesonges.fr\/wp-content\/uploads\/2023\/09\/logo-225x300.jpeg 225w, https:\/\/plumesdesonges.fr\/wp-content\/uploads\/2023\/09\/logo-1152x1536.jpeg 1152w, https:\/\/plumesdesonges.fr\/wp-content\/uploads\/2023\/09\/logo-1536x2048.jpeg 1536w, https:\/\/plumesdesonges.fr\/wp-content\/uploads\/2023\/09\/logo-scaled.jpeg 1920w\" sizes=\"auto, (max-width: 768px) 100vw, 768px\" \/><\/figure>\n<\/div>\n<\/div>\n\n\n\n<div style=\"height:40px\" aria-hidden=\"true\" class=\"wp-block-spacer\"><\/div>\n<\/div><\/div>\n<\/div><\/div>\n\n\n\n<p><\/p>\n\n\n\n<p><\/p>\n\n\n\n<h2 class=\"wp-block-heading\">Compagnie Plumes de Songes<\/h2>\n\n\n\n<p><strong>Association loi 1901 <\/strong>n\u00b0 W643013482<\/p>\n\n\n\n<p><strong>Siret n\u00b0 <\/strong>93160487000010   <strong>Code APE<\/strong> : 90.01Z<\/p>\n\n\n\n<p><strong>Licence de spectacle<\/strong> : PLATESV-D-2025-001873<\/p>\n\n\n\n<p><strong>Pr\u00e9sidente de l&#8217;association<\/strong>: Laurence Marchegay<\/p>\n\n\n\n<div class=\"wp-block-cover alignfull has-nv-dark-bg-color has-text-color\" style=\"min-height:420px;aspect-ratio:unset;\"><span aria-hidden=\"true\" class=\"wp-block-cover__background has-nv-site-bg-background-color has-background-dim-100 has-background-dim\"><\/span><div class=\"wp-block-cover__inner-container is-layout-flow wp-block-cover-is-layout-flow\">\n<div style=\"height:30px\" aria-hidden=\"true\" class=\"wp-block-spacer\"><\/div>\n\n\n\n<p><\/p>\n<\/div><\/div>\n","protected":false},"excerpt":{"rendered":"<p>Compagnie Plumes de Songes Association loi 1901 n\u00b0 W643013482 Siret n\u00b0 93160487000010 Code APE : 90.01Z Licence de spectacle : PLATESV-D-2025-001873 Pr\u00e9sidente de l&#8217;association: Laurence Marchegay<\/p>\n","protected":false},"author":1,"featured_media":0,"parent":0,"menu_order":0,"comment_status":"closed","ping_status":"closed","template":"","meta":{"neve_meta_sidebar":"default","neve_meta_container":"default","neve_meta_enable_content_width":"on","neve_meta_content_width":100,"neve_meta_title_alignment":"","neve_meta_author_avatar":"","neve_post_elements_order":"","neve_meta_disable_header":"","neve_meta_disable_footer":"","neve_meta_disable_title":"on","_themeisle_gutenberg_block_has_review":false,"footnotes":""},"class_list":["post-313","page","type-page","status-publish","hentry"],"_links":{"self":[{"href":"https:\/\/plumesdesonges.fr\/index.php\/wp-json\/wp\/v2\/pages\/313","targetHints":{"allow":["GET"]}}],"collection":[{"href":"https:\/\/plumesdesonges.fr\/index.php\/wp-json\/wp\/v2\/pages"}],"about":[{"href":"https:\/\/plumesdesonges.fr\/index.php\/wp-json\/wp\/v2\/types\/page"}],"author":[{"embeddable":true,"href":"https:\/\/plumesdesonges.fr\/index.php\/wp-json\/wp\/v2\/users\/1"}],"replies":[{"embeddable":true,"href":"https:\/\/plumesdesonges.fr\/index.php\/wp-json\/wp\/v2\/comments?post=313"}],"version-history":[{"count":29,"href":"https:\/\/plumesdesonges.fr\/index.php\/wp-json\/wp\/v2\/pages\/313\/revisions"}],"predecessor-version":[{"id":924,"href":"https:\/\/plumesdesonges.fr\/index.php\/wp-json\/wp\/v2\/pages\/313\/revisions\/924"}],"wp:attachment":[{"href":"https:\/\/plumesdesonges.fr\/index.php\/wp-json\/wp\/v2\/media?parent=313"}],"curies":[{"name":"wp","href":"https:\/\/api.w.org\/{rel}","templated":true}]}}