{"id":314,"date":"2020-01-27T08:05:29","date_gmt":"2020-01-27T08:05:29","guid":{"rendered":"https:\/\/demosites.io\/web-agency-gb\/?page_id=69"},"modified":"2026-05-03T21:08:32","modified_gmt":"2026-05-03T19:08:32","slug":"15c42-web-agency-gb-portfolio","status":"publish","type":"page","link":"https:\/\/plumesdesonges.fr\/index.php\/15c42-web-agency-gb-portfolio\/","title":{"rendered":"Spectacles"},"content":{"rendered":"\n<div class=\"wp-block-cover alignfull\" style=\"min-height:300px;aspect-ratio:unset;\"><span aria-hidden=\"true\" class=\"wp-block-cover__background has-nv-site-bg-background-color has-background-dim-100 has-background-dim\"><\/span><div class=\"wp-block-cover__inner-container is-layout-flow wp-block-cover-is-layout-flow\">\n<div class=\"wp-block-group\"><div class=\"wp-block-group__inner-container is-layout-flow wp-block-group-is-layout-flow\">\n<h1 class=\"wp-block-heading has-text-align-left has-neve-text-color-color has-text-color\">Spectacles<\/h1>\n<\/div><\/div>\n<\/div><\/div>\n\n\n\n<div class=\"wp-block-cover alignfull\" style=\"min-height:600px;aspect-ratio:unset;\"><span aria-hidden=\"true\" class=\"wp-block-cover__background has-nv-light-bg-background-color has-background-dim-100 has-background-dim\"><\/span><div class=\"wp-block-cover__inner-container is-layout-flow wp-block-cover-is-layout-flow\">\n<div class=\"wp-block-group\"><div class=\"wp-block-group__inner-container is-layout-flow wp-block-group-is-layout-flow\">\n<div style=\"height:80px\" aria-hidden=\"true\" class=\"wp-block-spacer\"><\/div>\n\n\n\n<div class=\"wp-block-columns are-vertically-aligned-center has-nv-dark-bg-color has-nv-site-bg-background-color has-text-color has-background is-layout-flex wp-container-core-columns-is-layout-9d6595d7 wp-block-columns-is-layout-flex\">\n<div class=\"wp-block-column is-vertically-aligned-center is-layout-flow wp-block-column-is-layout-flow\" style=\"flex-basis:50%\">\n<div id=\"wp-block-themeisle-blocks-slider-4291ccf5\" class=\"wp-block-themeisle-blocks-slider glide\" data-per-view=\"1\" data-gap=\"0\" data-peek=\"0\" data-autoplay=\"true\" data-height=\"400px\" data-hide-arrows=\"false\"><div class=\"glide__track\" data-glide-el=\"track\"><div class=\"glide__slides\"><div class=\"wp-block-themeisle-blocks-slider-item-wrapper glide__slide\" tabindex=\"0\"><figure><img decoding=\"async\" class=\"wp-block-themeisle-blocks-slider-item\" src=\"http:\/\/plumesdesonges.fr\/wp-content\/uploads\/2023\/09\/20230811_135651-02-scaled.jpeg\" alt=\"\" title=\"\" data-id=\"52\"\/><\/figure><\/div><div class=\"wp-block-themeisle-blocks-slider-item-wrapper glide__slide\" tabindex=\"0\"><figure><img decoding=\"async\" class=\"wp-block-themeisle-blocks-slider-item\" src=\"http:\/\/plumesdesonges.fr\/wp-content\/uploads\/2023\/10\/hibou.jpg\" alt=\"\" title=\"\" data-id=\"518\"\/><\/figure><\/div><div class=\"wp-block-themeisle-blocks-slider-item-wrapper glide__slide\" tabindex=\"0\"><figure><img decoding=\"async\" class=\"wp-block-themeisle-blocks-slider-item\" src=\"http:\/\/plumesdesonges.fr\/wp-content\/uploads\/2023\/10\/20230811_135609-01-scaled.jpeg\" alt=\"\" title=\"\" data-id=\"493\"\/><\/figure><\/div><div class=\"wp-block-themeisle-blocks-slider-item-wrapper glide__slide\" tabindex=\"0\"><figure><img decoding=\"async\" class=\"wp-block-themeisle-blocks-slider-item\" src=\"http:\/\/plumesdesonges.fr\/wp-content\/uploads\/2023\/10\/coyote.jpg\" alt=\"\" title=\"\" data-id=\"517\"\/><\/figure><\/div><div class=\"wp-block-themeisle-blocks-slider-item-wrapper glide__slide\" tabindex=\"0\"><figure><img decoding=\"async\" class=\"wp-block-themeisle-blocks-slider-item\" src=\"http:\/\/plumesdesonges.fr\/wp-content\/uploads\/2023\/11\/enyeto.jpg\" alt=\"\" title=\"\" data-id=\"541\"\/><\/figure><\/div><div class=\"wp-block-themeisle-blocks-slider-item-wrapper glide__slide\" tabindex=\"0\"><figure><img decoding=\"async\" class=\"wp-block-themeisle-blocks-slider-item\" src=\"http:\/\/plumesdesonges.fr\/wp-content\/uploads\/2023\/10\/monstre.jpg\" alt=\"\" title=\"\" data-id=\"519\"\/><\/figure><\/div><div class=\"wp-block-themeisle-blocks-slider-item-wrapper glide__slide\" tabindex=\"0\"><figure><img decoding=\"async\" class=\"wp-block-themeisle-blocks-slider-item\" src=\"http:\/\/plumesdesonges.fr\/wp-content\/uploads\/2023\/10\/20230817_203913-scaled.jpg\" alt=\"\" title=\"\" data-id=\"494\"\/><\/figure><\/div><div class=\"wp-block-themeisle-blocks-slider-item-wrapper glide__slide\" tabindex=\"0\"><figure><img decoding=\"async\" class=\"wp-block-themeisle-blocks-slider-item\" src=\"http:\/\/plumesdesonges.fr\/wp-content\/uploads\/2023\/09\/20230811_135404-scaled.jpg\" alt=\"\" title=\"\" data-id=\"49\"\/><\/figure><\/div><\/div><div class=\"glide__bullets\" data-glide-el=\"controls[nav]\"><button class=\"glide__bullet\" data-glide-dir=\"=0\"><\/button><button class=\"glide__bullet\" data-glide-dir=\"=1\"><\/button><button class=\"glide__bullet\" data-glide-dir=\"=2\"><\/button><button class=\"glide__bullet\" data-glide-dir=\"=3\"><\/button><button class=\"glide__bullet\" data-glide-dir=\"=4\"><\/button><button class=\"glide__bullet\" data-glide-dir=\"=5\"><\/button><button class=\"glide__bullet\" data-glide-dir=\"=6\"><\/button><button class=\"glide__bullet\" data-glide-dir=\"=7\"><\/button><\/div><\/div><\/div>\n\n\n\n<div style=\"height:58px\" aria-hidden=\"true\" class=\"wp-block-spacer\"><\/div>\n\n\n\n<h3 class=\"wp-block-heading has-text-align-center has-neve-text-color-color has-text-color has-large-font-size\">L&#8217;histoire d&#8217;Hateya la chamane et autres contes am\u00e9rindiens<\/h3>\n\n\n\n<div class=\"wp-block-group is-vertical is-layout-flex wp-container-core-group-is-layout-8cf370e7 wp-block-group-is-layout-flex\">\n<div class=\"wp-block-group is-vertical is-layout-flex wp-container-core-group-is-layout-8cf370e7 wp-block-group-is-layout-flex\">\n<p><strong><em>\u00ab&nbsp;Chercher ailleurs<\/em><\/strong><\/p>\n\n\n\n<p>              <strong><em>Une r\u00e9ponse \u00e0 l\u2019ici&nbsp;\u00bb<\/em><\/strong><\/p>\n\n\n\n<p><\/p>\n\n\n\n<p>Public familial.<\/p>\n<\/div>\n\n\n\n<div class=\"wp-block-group is-vertical is-layout-flex wp-container-core-group-is-layout-8cf370e7 wp-block-group-is-layout-flex\">\n<div class=\"wp-block-group is-vertical is-layout-flex wp-container-core-group-is-layout-8cf370e7 wp-block-group-is-layout-flex\">\n<p>2 versions possibles :<\/p>\n\n\n\n<ul class=\"wp-block-list\">\n<li>courte (30 min) \u00e0 &nbsp;partir de 3 ans<\/li>\n\n\n\n<li>longue (50 min) \u00e0 partir de 6 ans<\/li>\n<\/ul>\n<\/div>\n\n\n\n<p><\/p>\n<\/div>\n<\/div>\n\n\n\n<div class=\"wp-block-group is-vertical is-layout-flex wp-container-core-group-is-layout-8cf370e7 wp-block-group-is-layout-flex\">\n<p><\/p>\n\n\n\n<p class=\"has-text-align-center\"><em>Une vieille chamane am\u00e9rindienne nous raconte son histoire&#8230; et transmet les valeurs de son peuple. <\/em><\/p>\n\n\n\n<p class=\"has-text-align-center\"><em>Une immersion dans la culture am\u00e9rindienne \u00e0 travers 4 contes fondateurs qui mettent en sc\u00e8ne des animaux et d\u00e9voilent une certaine vision du monde.<\/em><\/p>\n\n\n\n<p class=\"has-text-align-center\"><em>Racont\u00e9s \u00e0 l\u2019aide de d\u00e9cors, th\u00e9\u00e2tre d\u2019ombres et marionnettes dans une ambiance sonore et musicale.<\/em><\/p>\n<\/div>\n\n\n\n<p><\/p>\n\n\n\n<p class=\"has-text-align-left\">cr\u00e9ation et jeu : Marion Espinose<\/p>\n\n\n\n<p class=\"has-text-align-center\"><\/p>\n\n\n\n<div class=\"wp-block-buttons is-content-justification-center is-layout-flex wp-container-core-buttons-is-layout-16018d1d wp-block-buttons-is-layout-flex\"><\/div>\n\n\n\n<div style=\"height:40px\" aria-hidden=\"true\" class=\"wp-block-spacer\"><\/div>\n\n\n\n<div style=\"height:24px\" aria-hidden=\"true\" class=\"wp-block-spacer\"><\/div>\n\n\n\n<div style=\"height:40px\" aria-hidden=\"true\" class=\"wp-block-spacer\"><\/div>\n<\/div>\n<\/div>\n\n\n\n<div style=\"height:40px\" aria-hidden=\"true\" class=\"wp-block-spacer\"><\/div>\n<\/div><\/div>\n<\/div><\/div>\n\n\n\n<p><strong>Teaser du spectacle<\/strong><\/p>\n\n\n\n<figure class=\"wp-block-video\"><video height=\"1080\" style=\"aspect-ratio: 1920 \/ 1080;\" width=\"1920\" controls src=\"http:\/\/plumesdesonges.fr\/wp-content\/uploads\/2024\/05\/lv_0_20240505094643.mp4\"><\/video><\/figure>\n\n\n\n<div class=\"wp-block-cover alignfull\" style=\"min-height:600px;aspect-ratio:unset;\"><span aria-hidden=\"true\" class=\"wp-block-cover__background has-nv-site-bg-background-color has-background-dim-100 has-background-dim\"><\/span><div class=\"wp-block-cover__inner-container is-layout-flow wp-block-cover-is-layout-flow\">\n<div class=\"wp-block-group\"><div class=\"wp-block-group__inner-container is-layout-flow wp-block-group-is-layout-flow\">\n<div style=\"height:80px\" aria-hidden=\"true\" class=\"wp-block-spacer\"><\/div>\n\n\n\n<div class=\"wp-block-columns are-vertically-aligned-center is-layout-flex wp-container-core-columns-is-layout-9d6595d7 wp-block-columns-is-layout-flex\">\n<div class=\"wp-block-column is-vertically-aligned-center is-layout-flow wp-block-column-is-layout-flow\" style=\"flex-basis:50%\">\n<div id=\"wp-block-themeisle-blocks-slider-6134732e\" class=\"wp-block-themeisle-blocks-slider glide\" data-per-view=\"1\" data-gap=\"0\" data-peek=\"0\" data-autoplay=\"true\" data-height=\"400px\" data-hide-arrows=\"false\"><div class=\"glide__track\" data-glide-el=\"track\"><div class=\"glide__slides\"><div class=\"wp-block-themeisle-blocks-slider-item-wrapper glide__slide\" tabindex=\"0\"><figure><img decoding=\"async\" class=\"wp-block-themeisle-blocks-slider-item\" src=\"http:\/\/plumesdesonges.fr\/wp-content\/uploads\/2023\/09\/20230811_132741-01-01-scaled.jpeg\" alt=\"\" title=\"\" data-id=\"44\"\/><\/figure><\/div><div class=\"wp-block-themeisle-blocks-slider-item-wrapper glide__slide\" tabindex=\"0\"><figure><img decoding=\"async\" class=\"wp-block-themeisle-blocks-slider-item\" src=\"http:\/\/plumesdesonges.fr\/wp-content\/uploads\/2023\/10\/DSC02955-1-scaled.jpg\" alt=\"\" title=\"\" data-id=\"501\"\/><\/figure><\/div><div class=\"wp-block-themeisle-blocks-slider-item-wrapper glide__slide\" tabindex=\"0\"><figure><img decoding=\"async\" class=\"wp-block-themeisle-blocks-slider-item\" src=\"http:\/\/plumesdesonges.fr\/wp-content\/uploads\/2023\/10\/20230811_133017-01-1-scaled.jpeg\" alt=\"\" title=\"\" data-id=\"499\"\/><\/figure><\/div><div class=\"wp-block-themeisle-blocks-slider-item-wrapper glide__slide\" tabindex=\"0\"><figure><img decoding=\"async\" class=\"wp-block-themeisle-blocks-slider-item\" src=\"http:\/\/plumesdesonges.fr\/wp-content\/uploads\/2023\/10\/araignee.jpg\" alt=\"\" title=\"\" data-id=\"516\"\/><\/figure><\/div><div class=\"wp-block-themeisle-blocks-slider-item-wrapper glide__slide\" tabindex=\"0\"><figure><img decoding=\"async\" class=\"wp-block-themeisle-blocks-slider-item\" src=\"http:\/\/plumesdesonges.fr\/wp-content\/uploads\/2023\/10\/20230811_133150-01-scaled.jpeg\" alt=\"\" title=\"\" data-id=\"500\"\/><\/figure><\/div><\/div><div class=\"glide__bullets\" data-glide-el=\"controls[nav]\"><button class=\"glide__bullet\" data-glide-dir=\"=0\"><\/button><button class=\"glide__bullet\" data-glide-dir=\"=1\"><\/button><button class=\"glide__bullet\" data-glide-dir=\"=2\"><\/button><button class=\"glide__bullet\" data-glide-dir=\"=3\"><\/button><button class=\"glide__bullet\" data-glide-dir=\"=4\"><\/button><\/div><\/div><\/div>\n\n\n\n<div style=\"height:24px\" aria-hidden=\"true\" class=\"wp-block-spacer\"><\/div>\n\n\n\n<p><\/p>\n\n\n\n<div class=\"wp-block-group is-vertical is-layout-flex wp-container-core-group-is-layout-8cf370e7 wp-block-group-is-layout-flex\">\n<h3 class=\"wp-block-heading has-text-align-center has-neve-text-color-color has-text-color has-large-font-size\">3 Contes am\u00e9rindiens<\/h3>\n\n\n\n<p class=\"has-nv-dark-bg-color has-text-color\"><mark style=\"background-color:rgba(0, 0, 0, 0)\" class=\"has-inline-color has-nv-dark-bg-color\"><strong>L\u2019origine du monde &#8211; A la recherche de la lumi\u00e8re &#8211; Le petit colibri<\/strong><\/mark><\/p>\n<\/div>\n\n\n\n<div class=\"wp-block-group is-vertical is-layout-flex wp-container-core-group-is-layout-8cf370e7 wp-block-group-is-layout-flex\">\n<p class=\"has-text-align-center has-nv-dark-bg-color has-text-color\">Public: petite enfance (6 mois- 3 ans).<\/p>\n\n\n\n<p class=\"has-text-align-center has-nv-dark-bg-color has-text-color\">Dur\u00e9e: 20 minutes.<\/p>\n\n\n\n<p class=\"has-nv-dark-bg-color has-text-color\"><\/p>\n<\/div>\n\n\n\n<div class=\"wp-block-group is-vertical is-layout-flex wp-container-core-group-is-layout-8cf370e7 wp-block-group-is-layout-flex\">\n<p class=\"has-text-align-center has-nv-dark-bg-color has-text-color\"><em>3 contes am\u00e9rindiens qui mettent en sc\u00e8ne des animaux grenouille, araign\u00e9e, colibri&#8230;) qui, m\u00eame s\u2019ils sont petits, sont capables de grandes choses !<\/em><\/p>\n\n\n\n<div class=\"wp-block-group has-nv-dark-bg-color has-text-color\"><div class=\"wp-block-group__inner-container is-layout-constrained wp-block-group-is-layout-constrained\">\n<p class=\"has-text-align-center\"><em>Racont\u00e9s \u00e0 l\u2019aide de d\u00e9cors, th\u00e9\u00e2tre d\u2019ombres et marionnettes dans une ambiance sonore<\/em> et musicale.<\/p>\n\n\n\n<p class=\"has-text-align-center\"><em>Le spectacle est accessible aux plus petits et suscite l\u2019attention \u00e0 la fois visuelle et auditive.<\/em><\/p>\n\n\n\n<p><\/p>\n\n\n\n<p class=\"has-text-align-left\">cr\u00e9ation et jeu : Marion Espinose<\/p>\n<\/div><\/div>\n<\/div>\n\n\n\n<div class=\"wp-block-buttons is-content-justification-center is-layout-flex wp-container-core-buttons-is-layout-16018d1d wp-block-buttons-is-layout-flex\"><\/div>\n\n\n\n<div style=\"height:40px\" aria-hidden=\"true\" class=\"wp-block-spacer\"><\/div>\n\n\n\n<div style=\"height:40px\" aria-hidden=\"true\" class=\"wp-block-spacer\"><\/div>\n<\/div>\n<\/div>\n<\/div><\/div>\n<\/div><\/div>\n\n\n\n<p><\/p>\n\n\n\n<p><\/p>\n\n\n\n<div class=\"wp-block-columns is-layout-flex wp-container-core-columns-is-layout-9d6595d7 wp-block-columns-is-layout-flex\">\n<div class=\"wp-block-column is-layout-flow wp-block-column-is-layout-flow\" style=\"flex-basis:100%\">\n<div class=\"wp-block-columns is-layout-flex wp-container-core-columns-is-layout-9d6595d7 wp-block-columns-is-layout-flex\">\n<div class=\"wp-block-column is-layout-flow wp-block-column-is-layout-flow\" style=\"flex-basis:100%\">\n<div class=\"wp-block-columns is-layout-flex wp-container-core-columns-is-layout-9d6595d7 wp-block-columns-is-layout-flex\">\n<div class=\"wp-block-column is-layout-flow wp-block-column-is-layout-flow\" style=\"flex-basis:50%\">\n<div class=\"wp-block-group is-layout-grid wp-container-core-group-is-layout-10f516f0 wp-block-group-is-layout-grid\">\n<div class=\"wp-block-columns is-layout-flex wp-container-core-columns-is-layout-9d6595d7 wp-block-columns-is-layout-flex\">\n<div class=\"wp-block-column is-layout-flow wp-block-column-is-layout-flow\" style=\"flex-basis:100%\">\n<h2 class=\"wp-block-heading has-text-align-center\"><strong>D\u00e9ambulation de Nanouk<\/strong><\/h2>\n\n\n\n<h2 class=\"wp-block-heading has-text-align-center\">Marionnette g\u00e9ante<\/h2>\n\n\n\n<p><em>Marionnette g\u00e9ante cr\u00e9\u00e9e pour le Festival Petite Enfance de Pau, Nanouk est un Inuit p\u00eacheur d&#8217;id\u00e9es qui incite le public \u00e0 partager ses id\u00e9es, mais aussi \u00e0 danser en musique&#8230;<br>Ici, avec la F\u00e9e des Sons.<\/em><\/p>\n\n\n\n<p><strong>La F\u00e9e des Sons: <a href=\"https:\/\/www.lafeedessons.fr\/\">https:\/\/www.lafeedessons.fr\/<\/a><\/strong><\/p>\n\n\n\n<figure class=\"wp-block-video\"><video height=\"1920\" style=\"aspect-ratio: 1080 \/ 1920;\" width=\"1080\" controls src=\"http:\/\/plumesdesonges.fr\/wp-content\/uploads\/2024\/11\/lv_0_20241013215449-1.mp4\"><\/video><\/figure>\n<\/div>\n<\/div>\n<\/div>\n<\/div>\n\n\n\n<div class=\"wp-block-column is-layout-flow wp-block-column-is-layout-flow\" style=\"flex-basis:50%\"><\/div>\n<\/div>\n<\/div>\n<\/div>\n<\/div>\n<\/div>\n\n\n\n<p><\/p>\n\n\n\n<p><\/p>\n\n\n\n<p><\/p>\n\n\n\n<p><\/p>\n\n\n\n<div class=\"wp-block-columns is-layout-flex wp-container-core-columns-is-layout-9d6595d7 wp-block-columns-is-layout-flex\">\n<div class=\"wp-block-column is-layout-flow wp-block-column-is-layout-flow\" style=\"flex-basis:50.01%\">\n<div class=\"wp-block-group\"><div class=\"wp-block-group__inner-container is-layout-constrained wp-block-group-is-layout-constrained\">\n<div class=\"wp-block-columns is-layout-flex wp-container-core-columns-is-layout-9d6595d7 wp-block-columns-is-layout-flex\">\n<div class=\"wp-block-column is-layout-flow wp-block-column-is-layout-flow\" style=\"flex-basis:100%\">\n<div class=\"wp-block-group\"><div class=\"wp-block-group__inner-container is-layout-constrained wp-block-group-is-layout-constrained\">\n<p class=\"has-text-align-center\"><\/p>\n\n\n\n<div class=\"wp-block-columns is-layout-flex wp-container-core-columns-is-layout-9d6595d7 wp-block-columns-is-layout-flex\">\n<div class=\"wp-block-column is-layout-flow wp-block-column-is-layout-flow\" style=\"flex-basis:100%\">\n<h2 class=\"wp-block-heading has-text-align-center\">T\u00eate-\u00e0-t\u00eate<\/h2>\n<\/div>\n<\/div>\n\n\n\n<p><\/p>\n\n\n\n<div id=\"wp-block-themeisle-blocks-slider-0fa50924\" class=\"wp-block-themeisle-blocks-slider glide\" data-per-view=\"1\" data-gap=\"0\" data-peek=\"0\" data-autoplay=\"true\" data-height=\"400px\" data-hide-arrows=\"false\"><div class=\"glide__track\" data-glide-el=\"track\"><div class=\"glide__slides\"><div class=\"wp-block-themeisle-blocks-slider-item-wrapper glide__slide\" tabindex=\"0\"><figure><img decoding=\"async\" class=\"wp-block-themeisle-blocks-slider-item\" src=\"http:\/\/plumesdesonges.fr\/wp-content\/uploads\/2026\/01\/TAT1.jpg\" alt=\"\" title=\"\" data-id=\"936\"\/><\/figure><\/div><div class=\"wp-block-themeisle-blocks-slider-item-wrapper glide__slide\" tabindex=\"0\"><figure><img decoding=\"async\" class=\"wp-block-themeisle-blocks-slider-item\" src=\"http:\/\/plumesdesonges.fr\/wp-content\/uploads\/2024\/11\/20241003_211535-scaled.jpg\" alt=\"\" title=\"\" data-id=\"682\"\/><\/figure><\/div><div class=\"wp-block-themeisle-blocks-slider-item-wrapper glide__slide\" tabindex=\"0\"><figure><img decoding=\"async\" class=\"wp-block-themeisle-blocks-slider-item\" src=\"http:\/\/plumesdesonges.fr\/wp-content\/uploads\/2026\/01\/TAT4.jpg\" alt=\"\" title=\"\" data-id=\"960\"\/><\/figure><\/div><div class=\"wp-block-themeisle-blocks-slider-item-wrapper glide__slide\" tabindex=\"0\"><figure><img decoding=\"async\" class=\"wp-block-themeisle-blocks-slider-item\" src=\"http:\/\/plumesdesonges.fr\/wp-content\/uploads\/2024\/11\/IMG_70842-scaled.jpg\" alt=\"\" title=\"\" data-id=\"684\"\/><\/figure><\/div><div class=\"wp-block-themeisle-blocks-slider-item-wrapper glide__slide\" tabindex=\"0\"><figure><img decoding=\"async\" class=\"wp-block-themeisle-blocks-slider-item\" src=\"http:\/\/plumesdesonges.fr\/wp-content\/uploads\/2024\/11\/IMG_70882-scaled.jpg\" alt=\"\" title=\"\" data-id=\"685\"\/><\/figure><\/div><\/div><div class=\"glide__bullets\" data-glide-el=\"controls[nav]\"><button class=\"glide__bullet\" data-glide-dir=\"=0\"><\/button><button class=\"glide__bullet\" data-glide-dir=\"=1\"><\/button><button class=\"glide__bullet\" data-glide-dir=\"=2\"><\/button><button class=\"glide__bullet\" data-glide-dir=\"=3\"><\/button><button class=\"glide__bullet\" data-glide-dir=\"=4\"><\/button><\/div><\/div><\/div>\n\n\n\n<p><\/p>\n\n\n\n<p class=\"has-text-align-center\"><strong>Marionnettes \u00e0 gaine<\/strong> <strong>et masques<\/strong> <strong>en musique<\/strong><\/p>\n\n\n\n<div class=\"wp-block-group is-vertical is-layout-flex wp-container-core-group-is-layout-8cf370e7 wp-block-group-is-layout-flex\">\n<p class=\"has-text-align-left\">Tout public (\u00e0 partir de 7 ans)<\/p>\n\n\n\n<p class=\"has-text-align-left\">dur\u00e9e : 35 minutes<\/p>\n<\/div>\n\n\n\n<p><\/p>\n\n\n\n<p><\/p>\n\n\n\n<p class=\"has-text-align-center\"><em>Un castelet, une rencontre. Rosalie et Madame Pink, deux personnes \u2026 que tout oppose&nbsp;? Peut-\u00eatre pas\u2026<\/em><\/p>\n\n\n\n<p class=\"has-text-align-center\"><em>N<\/em><em>ous voyageons \u00e0 l\u2019int\u00e9rieur de la t\u00eate d\u2019une femme.<\/em><em> <\/em><em>Il sera question de libert\u00e9, d\u2019identit\u00e9, de ce que l\u2019on montre et de ce que l\u2019on cache. Et vous, vous sentez-vous libres d\u2019\u00eatre vous-m\u00eame&nbsp;?<\/em><\/p>\n\n\n\n<p class=\"has-text-align-center\"><em>Sur sc\u00e8ne&nbsp;: une marionnettiste  et une musicienne<\/em>.<\/p>\n<\/div><\/div>\n\n\n\n<p><\/p>\n\n\n\n<p><\/p>\n\n\n\n<p><\/p>\n\n\n\n<div class=\"wp-block-group is-vertical is-layout-flex wp-container-core-group-is-layout-8cf370e7 wp-block-group-is-layout-flex\">\n<p class=\"has-text-align-left\">Marionnettes : Marion Espinose<\/p>\n\n\n\n<p>Musique : Joana Beigbeder<\/p>\n<\/div>\n\n\n\n<p><\/p>\n\n\n\n<div class=\"wp-block-group\"><div class=\"wp-block-group__inner-container is-layout-constrained wp-block-group-is-layout-constrained\">\n<div class=\"wp-block-columns is-layout-flex wp-container-core-columns-is-layout-9d6595d7 wp-block-columns-is-layout-flex\">\n<div class=\"wp-block-column is-layout-flow wp-block-column-is-layout-flow\"><\/div>\n\n\n\n<div class=\"wp-block-column is-layout-flow wp-block-column-is-layout-flow\"><\/div>\n<\/div>\n\n\n\n<div class=\"wp-block-group\"><div class=\"wp-block-group__inner-container is-layout-constrained wp-block-group-is-layout-constrained\">\n<div class=\"wp-block-columns is-layout-flex wp-container-core-columns-is-layout-9d6595d7 wp-block-columns-is-layout-flex\">\n<div class=\"wp-block-column is-layout-flow wp-block-column-is-layout-flow\" style=\"flex-basis:100%\"><\/div>\n<\/div>\n<\/div><\/div>\n<\/div><\/div>\n<\/div>\n<\/div>\n<\/div><\/div>\n<\/div>\n\n\n\n<div class=\"wp-block-column is-layout-flow wp-block-column-is-layout-flow\" style=\"flex-basis:49.99%\"><\/div>\n<\/div>\n\n\n\n<h2 class=\"wp-block-heading\">Siamoises <em>(en cr\u00e9ation)<\/em><\/h2>\n\n\n\n<p><strong>Solo de masques et marionnettes<\/strong><\/p>\n\n\n\n<p>Co-production Atelier du Neez (Juran\u00e7on)<\/p>\n\n\n\n<div class=\"wp-block-columns is-layout-flex wp-container-core-columns-is-layout-9d6595d7 wp-block-columns-is-layout-flex\">\n<div class=\"wp-block-column is-layout-flow wp-block-column-is-layout-flow\" style=\"flex-basis:100%\">\n<figure class=\"wp-block-image size-large\"><img loading=\"lazy\" decoding=\"async\" width=\"1024\" height=\"769\" src=\"https:\/\/plumesdesonges.fr\/wp-content\/uploads\/2026\/04\/lv_0_2025120921471012-1024x769.jpg\" alt=\"\" class=\"wp-image-992\" srcset=\"https:\/\/plumesdesonges.fr\/wp-content\/uploads\/2026\/04\/lv_0_2025120921471012-1024x769.jpg 1024w, https:\/\/plumesdesonges.fr\/wp-content\/uploads\/2026\/04\/lv_0_2025120921471012-300x225.jpg 300w, https:\/\/plumesdesonges.fr\/wp-content\/uploads\/2026\/04\/lv_0_2025120921471012-768x577.jpg 768w, https:\/\/plumesdesonges.fr\/wp-content\/uploads\/2026\/04\/lv_0_2025120921471012-1536x1153.jpg 1536w, https:\/\/plumesdesonges.fr\/wp-content\/uploads\/2026\/04\/lv_0_2025120921471012-2048x1537.jpg 2048w\" sizes=\"auto, (max-width: 1024px) 100vw, 1024px\" \/><\/figure>\n<\/div>\n<\/div>\n\n\n\n<p><\/p>\n","protected":false},"excerpt":{"rendered":"<p>Teaser du spectacle D\u00e9ambulation de Nanouk Marionnette g\u00e9ante Marionnette g\u00e9ante cr\u00e9\u00e9e pour le Festival Petite Enfance de Pau, Nanouk est un Inuit p\u00eacheur d&#8217;id\u00e9es qui incite le public \u00e0 partager ses id\u00e9es, mais aussi \u00e0 danser en musique&#8230;Ici, avec la F\u00e9e des Sons. La F\u00e9e des Sons: https:\/\/www.lafeedessons.fr\/ T\u00eate-\u00e0-t\u00eate Marionnettes \u00e0 gaine et masques en&hellip;&nbsp;<a href=\"https:\/\/plumesdesonges.fr\/index.php\/15c42-web-agency-gb-portfolio\/\" rel=\"bookmark\">Read More &raquo;<span class=\"screen-reader-text\">Spectacles<\/span><\/a><\/p>\n","protected":false},"author":1,"featured_media":0,"parent":0,"menu_order":0,"comment_status":"closed","ping_status":"closed","template":"","meta":{"neve_meta_sidebar":"full-width","neve_meta_container":"","neve_meta_enable_content_width":"on","neve_meta_content_width":100,"neve_meta_title_alignment":"left","neve_meta_author_avatar":"","neve_post_elements_order":"","neve_meta_disable_header":"","neve_meta_disable_footer":"","neve_meta_disable_title":"on","_themeisle_gutenberg_block_has_review":false,"footnotes":""},"class_list":["post-314","page","type-page","status-publish","hentry"],"_links":{"self":[{"href":"https:\/\/plumesdesonges.fr\/index.php\/wp-json\/wp\/v2\/pages\/314","targetHints":{"allow":["GET"]}}],"collection":[{"href":"https:\/\/plumesdesonges.fr\/index.php\/wp-json\/wp\/v2\/pages"}],"about":[{"href":"https:\/\/plumesdesonges.fr\/index.php\/wp-json\/wp\/v2\/types\/page"}],"author":[{"embeddable":true,"href":"https:\/\/plumesdesonges.fr\/index.php\/wp-json\/wp\/v2\/users\/1"}],"replies":[{"embeddable":true,"href":"https:\/\/plumesdesonges.fr\/index.php\/wp-json\/wp\/v2\/comments?post=314"}],"version-history":[{"count":75,"href":"https:\/\/plumesdesonges.fr\/index.php\/wp-json\/wp\/v2\/pages\/314\/revisions"}],"predecessor-version":[{"id":999,"href":"https:\/\/plumesdesonges.fr\/index.php\/wp-json\/wp\/v2\/pages\/314\/revisions\/999"}],"wp:attachment":[{"href":"https:\/\/plumesdesonges.fr\/index.php\/wp-json\/wp\/v2\/media?parent=314"}],"curies":[{"name":"wp","href":"https:\/\/api.w.org\/{rel}","templated":true}]}}