{"id":419,"date":"2023-10-19T11:25:45","date_gmt":"2023-10-19T09:25:45","guid":{"rendered":"https:\/\/plumesdesonges.fr\/?page_id=419"},"modified":"2026-04-27T15:07:42","modified_gmt":"2026-04-27T13:07:42","slug":"ateliers","status":"publish","type":"page","link":"https:\/\/plumesdesonges.fr\/index.php\/15c42-web-agency-gb-home\/ateliers\/","title":{"rendered":"Actions culturelles"},"content":{"rendered":"\n<p class=\"has-medium-font-size\">D\u00e9couverte, fabrication de marionnettes, apprentissage de la manipulation, cr\u00e9ation de spectacles en \u00e9coles, MJC, centres de loisirs et autres.<\/p>\n\n\n\n<p><\/p>\n\n\n\n<h6 class=\"wp-block-heading\"><strong>Ann\u00e9e scolaire 2025-2026 : Participation \u00e0 Trajectoires<\/strong> (Education Artistique et Culturelle pour les \u00e9coles de l&#8217;agglom\u00e9ration de Pau), <strong>parcours Contes<\/strong> : spectacle, cr\u00e9ation de marionnettes-sacs, manipulation et restitution.<\/h6>\n\n\n\n<h6 class=\"wp-block-heading\"><\/h6>\n\n\n\n<figure class=\"wp-block-gallery has-nested-images columns-default is-cropped wp-block-gallery-1 is-layout-flex wp-block-gallery-is-layout-flex\">\n<figure class=\"wp-block-image size-large\"><img loading=\"lazy\" decoding=\"async\" width=\"1024\" height=\"1024\" data-id=\"28\" src=\"https:\/\/plumesdesonges.fr\/wp-content\/uploads\/2023\/09\/file-7c48b529-aa97-47fd-adbb-63ea893d6014-1024x1024.jpeg\" alt=\"\" class=\"wp-image-28\" srcset=\"https:\/\/plumesdesonges.fr\/wp-content\/uploads\/2023\/09\/file-7c48b529-aa97-47fd-adbb-63ea893d6014-1024x1024.jpeg 1024w, https:\/\/plumesdesonges.fr\/wp-content\/uploads\/2023\/09\/file-7c48b529-aa97-47fd-adbb-63ea893d6014-300x300.jpeg 300w, https:\/\/plumesdesonges.fr\/wp-content\/uploads\/2023\/09\/file-7c48b529-aa97-47fd-adbb-63ea893d6014-150x150.jpeg 150w, https:\/\/plumesdesonges.fr\/wp-content\/uploads\/2023\/09\/file-7c48b529-aa97-47fd-adbb-63ea893d6014-768x768.jpeg 768w, https:\/\/plumesdesonges.fr\/wp-content\/uploads\/2023\/09\/file-7c48b529-aa97-47fd-adbb-63ea893d6014-1536x1536.jpeg 1536w, https:\/\/plumesdesonges.fr\/wp-content\/uploads\/2023\/09\/file-7c48b529-aa97-47fd-adbb-63ea893d6014-2048x2048.jpeg 2048w\" sizes=\"auto, (max-width: 1024px) 100vw, 1024px\" \/><\/figure>\n<\/figure>\n\n\n\n<p class=\"has-medium-font-size\"><\/p>\n\n\n\n<p><strong>Actions pass\u00e9es:<\/strong><\/p>\n\n\n\n<ul class=\"wp-block-list\">\n<li><strong>Ann\u00e9e scolaire 2024-2025: Participation \u00e0 Trajectoires (Education Artistique et Culturelle pour les \u00e9coles de l&#8217;agglom\u00e9ration de Pau), parcours Contes : spectacle, cr\u00e9ation de marionnettes-sacs, manipulation et restitution.<\/strong><\/li>\n\n\n\n<li><strong>Ann\u00e9e scolaire 2023-2024<\/strong>: <strong>atelier marionnettes pour les enfants du CLAS de Juran\u00e7on.<\/strong><\/li>\n\n\n\n<li>Fabrication de marionnettes-sacs avec l&#8217;association &#8220;La soupe aux cailloux&#8221;, Pessac, le 30 ao\u00fbt 2023.<\/li>\n\n\n\n<li>Marionnettes-sacs \u00e0 la MJC du La\u00fc (Pau). Fabrication, manipulation et cr\u00e9ation d&#8217;un spectacle : novembre-d\u00e9cembre 2022.<\/li>\n\n\n\n<li>Th\u00e9\u00e2tre d&#8217;ombres \u00e0 l&#8217;hippodrome de Pau (le 29 octobre 2022).<\/li>\n\n\n\n<li>Marionnettes-sacs \u00e0 l&#8217;\u00e9cole l&#8217;Envol (Lons) de janvier \u00e0 juin 2021. Cr\u00e9ation d&#8217;un spectacle \u00e0 partir des <em>Philo-Fables<\/em> de Michel Piquemal.<\/li>\n<\/ul>\n\n\n\n<p><\/p>\n\n\n\n<h2 class=\"wp-block-heading\"><em>Un monde de marionnettes<\/em><\/h2>\n\n\n\n<p><strong>Panorama des diff\u00e9rents types de marionnettes<\/strong>\u00a0:<\/p>\n\n\n\n<ul class=\"wp-block-list\">\n<li>Pr\u00e9sentation, d\u00e9monstration et essais de manipulation.<\/li>\n\n\n\n<li>Marionnettes sur table, marionnettes-sacs, \u00e0 gaine, bunraku, \u00e0 bouche articul\u00e9e\u2026<\/li>\n<\/ul>\n\n\n\n<div class=\"wp-block-group is-nowrap is-layout-flex wp-container-core-group-is-layout-ad2f72ca wp-block-group-is-layout-flex\">\n<figure class=\"wp-block-gallery has-nested-images columns-default is-cropped wp-block-gallery-2 is-layout-flex wp-block-gallery-is-layout-flex\">\n<figure class=\"wp-block-image size-large\"><img loading=\"lazy\" decoding=\"async\" width=\"838\" height=\"836\" data-id=\"588\" src=\"https:\/\/plumesdesonges.fr\/wp-content\/uploads\/2024\/02\/IMG-20240122-WA0017-01.jpeg\" alt=\"\" class=\"wp-image-588\" srcset=\"https:\/\/plumesdesonges.fr\/wp-content\/uploads\/2024\/02\/IMG-20240122-WA0017-01.jpeg 838w, https:\/\/plumesdesonges.fr\/wp-content\/uploads\/2024\/02\/IMG-20240122-WA0017-01-300x300.jpeg 300w, https:\/\/plumesdesonges.fr\/wp-content\/uploads\/2024\/02\/IMG-20240122-WA0017-01-150x150.jpeg 150w, https:\/\/plumesdesonges.fr\/wp-content\/uploads\/2024\/02\/IMG-20240122-WA0017-01-768x766.jpeg 768w\" sizes=\"auto, (max-width: 838px) 100vw, 838px\" \/><\/figure>\n\n\n\n<figure class=\"wp-block-image size-large\"><img loading=\"lazy\" decoding=\"async\" width=\"912\" height=\"912\" data-id=\"585\" src=\"https:\/\/plumesdesonges.fr\/wp-content\/uploads\/2024\/02\/IMG-20240122-WA0011-02.jpeg\" alt=\"\" class=\"wp-image-585\" srcset=\"https:\/\/plumesdesonges.fr\/wp-content\/uploads\/2024\/02\/IMG-20240122-WA0011-02.jpeg 912w, https:\/\/plumesdesonges.fr\/wp-content\/uploads\/2024\/02\/IMG-20240122-WA0011-02-300x300.jpeg 300w, https:\/\/plumesdesonges.fr\/wp-content\/uploads\/2024\/02\/IMG-20240122-WA0011-02-150x150.jpeg 150w, https:\/\/plumesdesonges.fr\/wp-content\/uploads\/2024\/02\/IMG-20240122-WA0011-02-768x768.jpeg 768w\" sizes=\"auto, (max-width: 912px) 100vw, 912px\" \/><\/figure>\n\n\n\n<figure class=\"wp-block-image size-large\"><img loading=\"lazy\" decoding=\"async\" width=\"1024\" height=\"1024\" data-id=\"584\" src=\"http:\/\/plumesdesonges.fr\/wp-content\/uploads\/2024\/02\/IMG-20240122-WA0009-02-1024x1024.jpeg\" alt=\"\" class=\"wp-image-584\" srcset=\"https:\/\/plumesdesonges.fr\/wp-content\/uploads\/2024\/02\/IMG-20240122-WA0009-02-1024x1024.jpeg 1024w, https:\/\/plumesdesonges.fr\/wp-content\/uploads\/2024\/02\/IMG-20240122-WA0009-02-300x300.jpeg 300w, https:\/\/plumesdesonges.fr\/wp-content\/uploads\/2024\/02\/IMG-20240122-WA0009-02-150x150.jpeg 150w, https:\/\/plumesdesonges.fr\/wp-content\/uploads\/2024\/02\/IMG-20240122-WA0009-02-768x768.jpeg 768w, https:\/\/plumesdesonges.fr\/wp-content\/uploads\/2024\/02\/IMG-20240122-WA0009-02.jpeg 1200w\" sizes=\"auto, (max-width: 1024px) 100vw, 1024px\" \/><\/figure>\n<\/figure>\n\n\n\n<div class=\"wp-block-group is-vertical is-layout-flex wp-container-core-group-is-layout-8cf370e7 wp-block-group-is-layout-flex\">\n<div class=\"wp-block-columns is-layout-flex wp-container-core-columns-is-layout-9d6595d7 wp-block-columns-is-layout-flex\">\n<div class=\"wp-block-column is-layout-flow wp-block-column-is-layout-flow\" style=\"flex-basis:33.33%\"><\/div>\n\n\n\n<div class=\"wp-block-column is-layout-flow wp-block-column-is-layout-flow\" style=\"flex-basis:66.66%\"><\/div>\n<\/div>\n<\/div>\n<\/div>\n\n\n\n<div class=\"wp-block-group\"><div class=\"wp-block-group__inner-container is-layout-constrained wp-block-group-is-layout-constrained\">\n<div class=\"wp-block-columns is-layout-flex wp-container-core-columns-is-layout-9d6595d7 wp-block-columns-is-layout-flex\">\n<div class=\"wp-block-column is-layout-flow wp-block-column-is-layout-flow\" style=\"flex-basis:100%\">\n<div class=\"wp-block-group is-nowrap is-layout-flex wp-container-core-group-is-layout-ad2f72ca wp-block-group-is-layout-flex\">\n<div class=\"wp-block-columns is-layout-flex wp-container-core-columns-is-layout-9d6595d7 wp-block-columns-is-layout-flex\">\n<div class=\"wp-block-column is-layout-flow wp-block-column-is-layout-flow\" style=\"flex-basis:100%\"><\/div>\n<\/div>\n<\/div>\n<\/div>\n<\/div>\n<\/div><\/div>\n\n\n\n<h2 class=\"wp-block-heading\"><em>Th\u00e9\u00e2tre d\u2019ombres<\/em><\/h2>\n\n\n\n<ul class=\"wp-block-list\">\n<li>D\u00e9couverte du th\u00e9\u00e2tre d\u2019ombres&nbsp;: ombres corporelles, petites et grandes silhouettes.<\/li>\n\n\n\n<li>Fabrication des silhouettes. Essais de manipulation. Cr\u00e9ation d&#8217;un spectacle<\/li>\n<\/ul>\n\n\n\n<figure class=\"wp-block-gallery has-nested-images columns-default is-cropped wp-block-gallery-3 is-layout-flex wp-block-gallery-is-layout-flex\">\n<figure class=\"wp-block-image size-large\"><img loading=\"lazy\" decoding=\"async\" width=\"1024\" height=\"789\" data-id=\"560\" src=\"https:\/\/plumesdesonges.fr\/wp-content\/uploads\/2024\/02\/IMG-20240122-WA0030-1024x789.jpg\" alt=\"\" class=\"wp-image-560\" srcset=\"https:\/\/plumesdesonges.fr\/wp-content\/uploads\/2024\/02\/IMG-20240122-WA0030-1024x789.jpg 1024w, https:\/\/plumesdesonges.fr\/wp-content\/uploads\/2024\/02\/IMG-20240122-WA0030-300x231.jpg 300w, https:\/\/plumesdesonges.fr\/wp-content\/uploads\/2024\/02\/IMG-20240122-WA0030-768x592.jpg 768w, https:\/\/plumesdesonges.fr\/wp-content\/uploads\/2024\/02\/IMG-20240122-WA0030.jpg 1200w\" sizes=\"auto, (max-width: 1024px) 100vw, 1024px\" \/><\/figure>\n\n\n\n<figure class=\"wp-block-image size-large\"><img loading=\"lazy\" decoding=\"async\" width=\"1024\" height=\"1024\" data-id=\"724\" src=\"https:\/\/plumesdesonges.fr\/wp-content\/uploads\/2024\/11\/IMG_20240604_195008_2831-1024x1024.webp\" alt=\"\" class=\"wp-image-724\" srcset=\"https:\/\/plumesdesonges.fr\/wp-content\/uploads\/2024\/11\/IMG_20240604_195008_2831-1024x1024.webp 1024w, https:\/\/plumesdesonges.fr\/wp-content\/uploads\/2024\/11\/IMG_20240604_195008_2831-300x300.webp 300w, https:\/\/plumesdesonges.fr\/wp-content\/uploads\/2024\/11\/IMG_20240604_195008_2831-150x150.webp 150w, https:\/\/plumesdesonges.fr\/wp-content\/uploads\/2024\/11\/IMG_20240604_195008_2831-768x768.webp 768w, https:\/\/plumesdesonges.fr\/wp-content\/uploads\/2024\/11\/IMG_20240604_195008_2831.webp 1440w\" sizes=\"auto, (max-width: 1024px) 100vw, 1024px\" \/><\/figure>\n\n\n\n<figure class=\"wp-block-image size-large\"><img loading=\"lazy\" decoding=\"async\" width=\"1024\" height=\"534\" data-id=\"563\" src=\"https:\/\/plumesdesonges.fr\/wp-content\/uploads\/2024\/02\/IMG-20240122-WA0053-1024x534.jpg\" alt=\"\" class=\"wp-image-563\" srcset=\"https:\/\/plumesdesonges.fr\/wp-content\/uploads\/2024\/02\/IMG-20240122-WA0053-1024x534.jpg 1024w, https:\/\/plumesdesonges.fr\/wp-content\/uploads\/2024\/02\/IMG-20240122-WA0053-300x157.jpg 300w, https:\/\/plumesdesonges.fr\/wp-content\/uploads\/2024\/02\/IMG-20240122-WA0053-768x401.jpg 768w, https:\/\/plumesdesonges.fr\/wp-content\/uploads\/2024\/02\/IMG-20240122-WA0053.jpg 1200w\" sizes=\"auto, (max-width: 1024px) 100vw, 1024px\" \/><\/figure>\n<\/figure>\n\n\n\n<p><\/p>\n\n\n\n<h2 class=\"wp-block-heading\"><em>Marionnettes de papier<\/em><\/h2>\n\n\n\n<p><\/p>\n\n\n\n<ul class=\"wp-block-list\">\n<li>Pr\u00e9sentation d\u2019une marionnette \u00ab&nbsp;bunraku&nbsp;\u00bb de papier. Apprentissage de la manipulation \u00e0 plusieurs.<\/li>\n\n\n\n<li>Fabrication des marionnettes de papier (papier journal, papier kraft).<\/li>\n\n\n\n<li>Manipulation, improvisation, cr\u00e9ation de sayn\u00e8tes, spectacle.<\/li>\n<\/ul>\n\n\n\n<figure class=\"wp-block-gallery has-nested-images columns-default is-cropped wp-block-gallery-4 is-layout-flex wp-block-gallery-is-layout-flex\">\n<figure class=\"wp-block-image size-full\"><img loading=\"lazy\" decoding=\"async\" width=\"814\" height=\"811\" data-id=\"944\" src=\"https:\/\/plumesdesonges.fr\/wp-content\/uploads\/2026\/01\/IMG-20240122-WA0071-01.jpeg\" alt=\"\" class=\"wp-image-944\" srcset=\"https:\/\/plumesdesonges.fr\/wp-content\/uploads\/2026\/01\/IMG-20240122-WA0071-01.jpeg 814w, https:\/\/plumesdesonges.fr\/wp-content\/uploads\/2026\/01\/IMG-20240122-WA0071-01-300x300.jpeg 300w, https:\/\/plumesdesonges.fr\/wp-content\/uploads\/2026\/01\/IMG-20240122-WA0071-01-150x150.jpeg 150w, https:\/\/plumesdesonges.fr\/wp-content\/uploads\/2026\/01\/IMG-20240122-WA0071-01-768x765.jpeg 768w\" sizes=\"auto, (max-width: 814px) 100vw, 814px\" \/><\/figure>\n\n\n\n<figure class=\"wp-block-image size-full\"><img loading=\"lazy\" decoding=\"async\" width=\"750\" height=\"750\" data-id=\"948\" src=\"https:\/\/plumesdesonges.fr\/wp-content\/uploads\/2026\/01\/IMG-20240122-WA0067-01-01.jpeg\" alt=\"\" class=\"wp-image-948\" srcset=\"https:\/\/plumesdesonges.fr\/wp-content\/uploads\/2026\/01\/IMG-20240122-WA0067-01-01.jpeg 750w, https:\/\/plumesdesonges.fr\/wp-content\/uploads\/2026\/01\/IMG-20240122-WA0067-01-01-300x300.jpeg 300w, https:\/\/plumesdesonges.fr\/wp-content\/uploads\/2026\/01\/IMG-20240122-WA0067-01-01-150x150.jpeg 150w\" sizes=\"auto, (max-width: 750px) 100vw, 750px\" \/><\/figure>\n\n\n\n<figure class=\"wp-block-image size-large\"><img loading=\"lazy\" decoding=\"async\" width=\"768\" height=\"1024\" data-id=\"949\" src=\"https:\/\/plumesdesonges.fr\/wp-content\/uploads\/2026\/01\/IMG-20240122-WA0003-768x1024.jpg\" alt=\"\" class=\"wp-image-949\" srcset=\"https:\/\/plumesdesonges.fr\/wp-content\/uploads\/2026\/01\/IMG-20240122-WA0003-768x1024.jpg 768w, https:\/\/plumesdesonges.fr\/wp-content\/uploads\/2026\/01\/IMG-20240122-WA0003-225x300.jpg 225w, https:\/\/plumesdesonges.fr\/wp-content\/uploads\/2026\/01\/IMG-20240122-WA0003-1152x1536.jpg 1152w, https:\/\/plumesdesonges.fr\/wp-content\/uploads\/2026\/01\/IMG-20240122-WA0003.jpg 1200w\" sizes=\"auto, (max-width: 768px) 100vw, 768px\" \/><\/figure>\n<\/figure>\n\n\n\n<p><\/p>\n\n\n\n<h2 class=\"wp-block-heading\">Marionnettes-sacs<\/h2>\n\n\n\n<p><\/p>\n\n\n\n<div class=\"wp-block-group\"><div class=\"wp-block-group__inner-container is-layout-constrained wp-block-group-is-layout-constrained\">\n<ul class=\"wp-block-list\">\n<li>Fabrication.<\/li>\n\n\n\n<li>Manipulation.<\/li>\n\n\n\n<li>Improvisation, cr\u00e9ation de sayn\u00e8tes, spectacle.<\/li>\n<\/ul>\n\n\n\n<div class=\"wp-block-columns is-layout-flex wp-container-core-columns-is-layout-9d6595d7 wp-block-columns-is-layout-flex\">\n<div class=\"wp-block-column is-layout-flow wp-block-column-is-layout-flow\" style=\"flex-basis:100%\">\n<figure class=\"wp-block-gallery has-nested-images columns-default is-cropped wp-block-gallery-5 is-layout-flex wp-block-gallery-is-layout-flex\">\n<figure class=\"wp-block-image size-large\"><img loading=\"lazy\" decoding=\"async\" width=\"781\" height=\"781\" data-id=\"589\" src=\"https:\/\/plumesdesonges.fr\/wp-content\/uploads\/2024\/02\/IMG-20240122-WA0018-01.jpeg\" alt=\"\" class=\"wp-image-589\" srcset=\"https:\/\/plumesdesonges.fr\/wp-content\/uploads\/2024\/02\/IMG-20240122-WA0018-01.jpeg 781w, https:\/\/plumesdesonges.fr\/wp-content\/uploads\/2024\/02\/IMG-20240122-WA0018-01-300x300.jpeg 300w, https:\/\/plumesdesonges.fr\/wp-content\/uploads\/2024\/02\/IMG-20240122-WA0018-01-150x150.jpeg 150w, https:\/\/plumesdesonges.fr\/wp-content\/uploads\/2024\/02\/IMG-20240122-WA0018-01-768x768.jpeg 768w\" sizes=\"auto, (max-width: 781px) 100vw, 781px\" \/><\/figure>\n\n\n\n<figure class=\"wp-block-image size-large\"><img loading=\"lazy\" decoding=\"async\" width=\"1024\" height=\"1024\" data-id=\"963\" src=\"https:\/\/plumesdesonges.fr\/wp-content\/uploads\/2026\/01\/20250412_114435-1024x1024.jpg\" alt=\"\" class=\"wp-image-963\" srcset=\"https:\/\/plumesdesonges.fr\/wp-content\/uploads\/2026\/01\/20250412_114435-1024x1024.jpg 1024w, https:\/\/plumesdesonges.fr\/wp-content\/uploads\/2026\/01\/20250412_114435-300x300.jpg 300w, https:\/\/plumesdesonges.fr\/wp-content\/uploads\/2026\/01\/20250412_114435-150x150.jpg 150w, https:\/\/plumesdesonges.fr\/wp-content\/uploads\/2026\/01\/20250412_114435-768x768.jpg 768w, https:\/\/plumesdesonges.fr\/wp-content\/uploads\/2026\/01\/20250412_114435-1536x1536.jpg 1536w, https:\/\/plumesdesonges.fr\/wp-content\/uploads\/2026\/01\/20250412_114435-2048x2048.jpg 2048w\" sizes=\"auto, (max-width: 1024px) 100vw, 1024px\" \/><\/figure>\n\n\n\n<figure class=\"wp-block-image size-large\"><img loading=\"lazy\" decoding=\"async\" width=\"1024\" height=\"768\" data-id=\"964\" src=\"https:\/\/plumesdesonges.fr\/wp-content\/uploads\/2026\/01\/20250412_180648-1024x768.jpg\" alt=\"\" class=\"wp-image-964\" srcset=\"https:\/\/plumesdesonges.fr\/wp-content\/uploads\/2026\/01\/20250412_180648-1024x768.jpg 1024w, https:\/\/plumesdesonges.fr\/wp-content\/uploads\/2026\/01\/20250412_180648-300x225.jpg 300w, https:\/\/plumesdesonges.fr\/wp-content\/uploads\/2026\/01\/20250412_180648-768x576.jpg 768w, https:\/\/plumesdesonges.fr\/wp-content\/uploads\/2026\/01\/20250412_180648-1536x1152.jpg 1536w, https:\/\/plumesdesonges.fr\/wp-content\/uploads\/2026\/01\/20250412_180648-2048x1536.jpg 2048w\" sizes=\"auto, (max-width: 1024px) 100vw, 1024px\" \/><\/figure>\n<\/figure>\n<\/div>\n\n\n\n<div class=\"wp-block-column is-layout-flow wp-block-column-is-layout-flow\"><\/div>\n<\/div>\n<\/div><\/div>\n\n\n\n<p><\/p>\n","protected":false},"excerpt":{"rendered":"<p>D\u00e9couverte, fabrication de marionnettes, apprentissage de la manipulation, cr\u00e9ation de spectacles en \u00e9coles, MJC, centres de loisirs et autres. Ann\u00e9e scolaire 2025-2026 : Participation \u00e0 Trajectoires (Education Artistique et Culturelle pour les \u00e9coles de l&#8217;agglom\u00e9ration de Pau), parcours Contes : spectacle, cr\u00e9ation de marionnettes-sacs, manipulation et restitution. Actions pass\u00e9es: Un monde de marionnettes Panorama des&hellip;&nbsp;<a href=\"https:\/\/plumesdesonges.fr\/index.php\/15c42-web-agency-gb-home\/ateliers\/\" rel=\"bookmark\">Read More &raquo;<span class=\"screen-reader-text\">Actions culturelles<\/span><\/a><\/p>\n","protected":false},"author":1,"featured_media":0,"parent":309,"menu_order":0,"comment_status":"closed","ping_status":"closed","template":"","meta":{"neve_meta_sidebar":"","neve_meta_container":"","neve_meta_enable_content_width":"","neve_meta_content_width":0,"neve_meta_title_alignment":"","neve_meta_author_avatar":"","neve_post_elements_order":"","neve_meta_disable_header":"","neve_meta_disable_footer":"","neve_meta_disable_title":"","_themeisle_gutenberg_block_has_review":false,"footnotes":""},"class_list":["post-419","page","type-page","status-publish","hentry"],"_links":{"self":[{"href":"https:\/\/plumesdesonges.fr\/index.php\/wp-json\/wp\/v2\/pages\/419","targetHints":{"allow":["GET"]}}],"collection":[{"href":"https:\/\/plumesdesonges.fr\/index.php\/wp-json\/wp\/v2\/pages"}],"about":[{"href":"https:\/\/plumesdesonges.fr\/index.php\/wp-json\/wp\/v2\/types\/page"}],"author":[{"embeddable":true,"href":"https:\/\/plumesdesonges.fr\/index.php\/wp-json\/wp\/v2\/users\/1"}],"replies":[{"embeddable":true,"href":"https:\/\/plumesdesonges.fr\/index.php\/wp-json\/wp\/v2\/comments?post=419"}],"version-history":[{"count":20,"href":"https:\/\/plumesdesonges.fr\/index.php\/wp-json\/wp\/v2\/pages\/419\/revisions"}],"predecessor-version":[{"id":989,"href":"https:\/\/plumesdesonges.fr\/index.php\/wp-json\/wp\/v2\/pages\/419\/revisions\/989"}],"up":[{"embeddable":true,"href":"https:\/\/plumesdesonges.fr\/index.php\/wp-json\/wp\/v2\/pages\/309"}],"wp:attachment":[{"href":"https:\/\/plumesdesonges.fr\/index.php\/wp-json\/wp\/v2\/media?parent=419"}],"curies":[{"name":"wp","href":"https:\/\/api.w.org\/{rel}","templated":true}]}}