{"id":453,"date":"2023-10-19T13:16:14","date_gmt":"2023-10-19T11:16:14","guid":{"rendered":"https:\/\/plumesdesonges.fr\/?page_id=453"},"modified":"2026-04-27T15:02:45","modified_gmt":"2026-04-27T13:02:45","slug":"agenda","status":"publish","type":"page","link":"https:\/\/plumesdesonges.fr\/index.php\/15c42-web-agency-gb-home\/ateliers\/agenda\/","title":{"rendered":"Agenda"},"content":{"rendered":"\n<figure class=\"wp-block-gallery has-nested-images columns-default is-cropped wp-block-gallery-1 is-layout-flex wp-block-gallery-is-layout-flex\">\n<figure class=\"wp-block-image size-large\"><img loading=\"lazy\" decoding=\"async\" width=\"768\" height=\"1024\" data-id=\"977\" src=\"https:\/\/plumesdesonges.fr\/wp-content\/uploads\/2026\/02\/VideoCapture_20250530-215000-768x1024.jpg\" alt=\"\" class=\"wp-image-977\" srcset=\"https:\/\/plumesdesonges.fr\/wp-content\/uploads\/2026\/02\/VideoCapture_20250530-215000-768x1024.jpg 768w, https:\/\/plumesdesonges.fr\/wp-content\/uploads\/2026\/02\/VideoCapture_20250530-215000-225x300.jpg 225w, https:\/\/plumesdesonges.fr\/wp-content\/uploads\/2026\/02\/VideoCapture_20250530-215000.jpg 1007w\" sizes=\"auto, (max-width: 768px) 100vw, 768px\" \/><\/figure>\n\n\n\n<figure class=\"wp-block-image size-large\"><img loading=\"lazy\" decoding=\"async\" width=\"1024\" height=\"1024\" data-id=\"980\" src=\"https:\/\/plumesdesonges.fr\/wp-content\/uploads\/2026\/02\/20250419_140448-1024x1024.jpg\" alt=\"\" class=\"wp-image-980\" srcset=\"https:\/\/plumesdesonges.fr\/wp-content\/uploads\/2026\/02\/20250419_140448-1024x1024.jpg 1024w, https:\/\/plumesdesonges.fr\/wp-content\/uploads\/2026\/02\/20250419_140448-300x300.jpg 300w, https:\/\/plumesdesonges.fr\/wp-content\/uploads\/2026\/02\/20250419_140448-150x150.jpg 150w, https:\/\/plumesdesonges.fr\/wp-content\/uploads\/2026\/02\/20250419_140448-768x768.jpg 768w, https:\/\/plumesdesonges.fr\/wp-content\/uploads\/2026\/02\/20250419_140448-1536x1536.jpg 1536w, https:\/\/plumesdesonges.fr\/wp-content\/uploads\/2026\/02\/20250419_140448-2048x2048.jpg 2048w\" sizes=\"auto, (max-width: 1024px) 100vw, 1024px\" \/><\/figure>\n\n\n\n<figure class=\"wp-block-image size-large\"><img loading=\"lazy\" decoding=\"async\" width=\"768\" height=\"1024\" data-id=\"705\" src=\"https:\/\/plumesdesonges.fr\/wp-content\/uploads\/2024\/11\/20241013_164934-768x1024.jpg\" alt=\"\" class=\"wp-image-705\" srcset=\"https:\/\/plumesdesonges.fr\/wp-content\/uploads\/2024\/11\/20241013_164934-768x1024.jpg 768w, https:\/\/plumesdesonges.fr\/wp-content\/uploads\/2024\/11\/20241013_164934-225x300.jpg 225w, https:\/\/plumesdesonges.fr\/wp-content\/uploads\/2024\/11\/20241013_164934-1152x1536.jpg 1152w, https:\/\/plumesdesonges.fr\/wp-content\/uploads\/2024\/11\/20241013_164934-1536x2048.jpg 1536w, https:\/\/plumesdesonges.fr\/wp-content\/uploads\/2024\/11\/20241013_164934-scaled.jpg 1920w\" sizes=\"auto, (max-width: 768px) 100vw, 768px\" \/><\/figure>\n<\/figure>\n\n\n\n<p><\/p>\n\n\n\n<h2 class=\"wp-block-heading\"><strong>Prochainement\u00a0:<\/strong><\/h2>\n\n\n\n<ul class=\"wp-block-list\">\n<li>r\u00e9sidence de cr\u00e9ation pour <strong>Siamoises<\/strong> \u00e0 l&#8217;Espace Dantza (Pau) du 7 au 10 juillet 2026<\/li>\n\n\n\n<li>r\u00e9sidence de cr\u00e9ation pour <strong>Siamoises<\/strong> \u00e0 l&#8217;atelier du Neez (Juran\u00e7on) du 8 au 12 f\u00e9vrier 2027<\/li>\n<\/ul>\n\n\n\n<h2 class=\"wp-block-heading\"><strong>Dates pass\u00e9es&nbsp;:<\/strong><\/h2>\n\n\n\n<p><strong>2026<\/strong><\/p>\n\n\n\n<ul class=\"wp-block-list\">\n<li>samedi et dimanche 25 et 26 avril 2026 : participation au Off du festival Festirues \u00e0 Morcenx-la-Nouvelle, Spectacle &#8220;T\u00eate-\u00e0-t\u00eate&#8221;, 3 repr\u00e9sentations<\/li>\n\n\n\n<li>jeudi 19 mars 2026 : pour les classes de Trajectoires (EAC-Pau), \u00e0 la m\u00e9diath\u00e8que Andr\u00e9 Labarr\u00e8re : Spectacle \u00ab\u00a0L\u2019histoire d\u2019Hateya la chamane et autres contes am\u00e9rindiens\u00a0\u00bb, version longue<\/li>\n<\/ul>\n\n\n\n<p><strong>2025<\/strong><\/p>\n\n\n\n<ul class=\"wp-block-list\">\n<li>vendredi 12 d\u00e9cembre au Salon Asphod\u00e8le (Foire expo de Pau): &#8220;T\u00eate-\u00e0-t\u00eate&#8221; \u00e0 18 h. Samedi 13 d\u00e9cembre : atelier masque de 10 h 30 \u00e0 12 h 30.<\/li>\n\n\n\n<li>du jeudi 9 octobre au samedi 11 octobre 2025 : Festival Petite Enfance de Pau. Spectacle \u00ab&nbsp;L\u2019histoire d\u2019Hateya la chamane et autres contes am\u00e9rindiens&nbsp;\u00bb version petite enfance suivie d&#8217;un atelier th\u00e9\u00e2tre d&#8217;ombres. Jeudi et vendredi : 9 h 45 &#8211; 10 h 45. Samedi: 10 h 45 &#8211; 15 h &#8211; 16 h 45.<\/li>\n\n\n\n<li>dimanche 22 juin 2025 \u00e0 11 h. Caf\u00e9 associatif d\u2019Andoins \u00ab&nbsp;Com a la Maysou&nbsp;\u00bb. Spectacle &#8220;T\u00eate-\u00e0-t\u00eate&#8221;.<\/li>\n\n\n\n<li>jeudi 5 juin 2025 \u00e0 19 h 30 : Spectacle &#8220;T\u00eate-\u00e0-t\u00eate&#8221; et d\u00e9bat \u00e0 Ma Bulle Caf\u00e9 (Bill\u00e8re).<\/li>\n\n\n\n<li>jeudi 22 mai 2025 \u00e0 19 h 30 : Spectacle &#8220;T\u00eate-\u00e0-t\u00eate&#8221; et d\u00e9bat \u00e0 Aquiu (Pau) pour<strong> <\/strong>&#8220;Flammes&#8221;, festival f\u00e9ministe du 19 au 24 mai.<\/li>\n\n\n\n<li>samedi 12 avril 2025 : m\u00e9diath\u00e8que de Ch\u00e2teauroux. Atelier fabrication\/manipulation de marionnettes-sacs \u00e0 10 h et spectacle \u00e0 15 h : \u00ab&nbsp;L\u2019histoire d\u2019Hateya la chamane et autres contes am\u00e9rindiens&nbsp;\u00bb.<\/li>\n\n\n\n<li>jeudi 20 mars  2025 : pour les classes de Trajectoires (EAC-Pau), \u00e0 la m\u00e9diath\u00e8que Andr\u00e9 Labarr\u00e8re \u00e0 10 h : Spectacle \u00ab&nbsp;L\u2019histoire d\u2019Hateya la chamane et autres contes am\u00e9rindiens&nbsp;\u00bb<\/li>\n<\/ul>\n\n\n\n<p><strong>2024<\/strong><\/p>\n\n\n\n<ul class=\"wp-block-list\">\n<li>mercredi 18 d\u00e9cembre 2024 : Centre de loisir de Lons. Spectacle \u00ab&nbsp;L\u2019histoire d\u2019Hateya la chamane et autres contes am\u00e9rindiens&nbsp;\u00bb, \u00e0 partir de 3 ans.<\/li>\n\n\n\n<li>mardi 17 d\u00e9cembre: cr\u00e8che Saint-Vincent-de-Paul (Pau). &#8220;3 contes am\u00e9rindiens&#8221;.<\/li>\n\n\n\n<li>dimanche 20 octobre, 14 h 30 et 16 h 15. Bord\u00e8res. Salon du livre jeunesse &#8220;Frissons \u00e0 Bord\u00e8res&#8221;. Spectacle &#8220;L&#8217;histoire d&#8217;Hateya&#8230;&#8221; version longue et courte.<\/li>\n\n\n\n<li>samedi 19 octobre 2024 \u00e0 11 h. M\u00e9diath\u00e8que des All\u00e9es (Pau). \u00ab&nbsp;3 Contes am\u00e9rindiens&nbsp;\u00bb<\/li>\n\n\n\n<li>10-13 octobre 2024 : participation au Festival Petite Enfance de Pau. Spectacles et d\u00e9ambulations.<\/li>\n\n\n\n<li>mercredi 25 septembre 2024 : M\u00e9diath\u00e8que de Biarritz. 11 h : \u00ab&nbsp;3 Contes am\u00e9rindiens&nbsp;\u00bb. 16 h: \u00ab&nbsp;L\u2019histoire d\u2019Hateya&#8230;&nbsp;\u00bb version courte (\u00e0 partir de 3 ans)<\/li>\n\n\n\n<li>vendredi 14 juin 2024 : Spectacle \u00ab&nbsp;3 Contes am\u00e9rindiens&nbsp;\u00bb pour le Parcours d&#8217;Enfance du GAM (Pau). R\u00e9serv\u00e9 aux cr\u00e8ches participantes.<\/li>\n\n\n\n<li>jeudi 13 juin 2024, 18 h: \u00ab&nbsp;L\u2019histoire d\u2019Hateya et autres contes am\u00e9rindiens&nbsp;\u00bb, version longue au GAM, Pau.<\/li>\n\n\n\n<li>samedi 20 janvier 2024 \u00e0 10 h, 11 h 15 et 15 h : ludoth\u00e8que de Nay. Spectacle \u00ab&nbsp;L\u2019histoire d\u2019Hateya et autres contes am\u00e9rindiens&nbsp;\u00bb, \u00e0 partir de 3 ans.<\/li>\n<\/ul>\n\n\n\n<p><strong>2023<\/strong><\/p>\n\n\n\n<ul class=\"wp-block-list\">\n<li>samedi 9 d\u00e9cembre 2023 \u00e0 17 h et dimanche 10 d\u00e9cembre \u00e0 16 h30 : Salon Asphod\u00e8le, Pau. Spectacle \u00ab&nbsp;L\u2019histoire d\u2019Hateya et autres contes am\u00e9rindiens&nbsp;\u00bb<\/li>\n\n\n\n<li>mercredi 6 d\u00e9cembre 2023 : Cr\u00e8che \u00ab&nbsp;La P\u00e9pini\u00e8re&nbsp;\u00bb, Pau. Spectacle \u00ab&nbsp;3 Contes am\u00e9rindiens&nbsp;\u00bb<\/li>\n\n\n\n<li>10 novembre 2023 \u00e0 18 h&nbsp;: Caf\u00e9 associatif L\u2019instant (Lescar) Spectacle \u00ab&nbsp;L\u2019histoire d\u2019Hateya et autres contes am\u00e9rindiens&nbsp;\u00bb<\/li>\n\n\n\n<li>12-13 octobre 2023&nbsp;: Festival Petite Enfance (Pau) Spectacle \u00ab&nbsp;3 Contes am\u00e9rindiens&nbsp;\u00bb<\/li>\n\n\n\n<li>17 septembre 2023&nbsp;: Journ\u00e9e de l\u2019environnement (Bizanos). Spectacle \u00ab&nbsp;L\u2019histoire d\u2019Hateya la chamane et autres contes am\u00e9rindiens&nbsp;\u00bb<\/li>\n\n\n\n<li>29 \u2013 30 ao\u00fbt 2023&nbsp;: M\u00e9diath\u00e8que Pablo Neruda \u00e0 Pessac, organis\u00e9 par l\u2019association \u00ab&nbsp;La soupe aux cailloux&nbsp;\u00bb&nbsp;. Spectacle \u00ab&nbsp;L\u2019histoire d\u2019Hateya la chamane et autres contes am\u00e9rindiens&nbsp;\u00bb suivi d\u2019un atelier de fabrication de marionnettes-sacs<\/li>\n\n\n\n<li>18 juin 2023&nbsp;: Caf\u00e9 associatif d\u2019Andoins \u00ab&nbsp;Com a la Maysou&nbsp;\u00bb. Spectacle \u00ab&nbsp;L\u2019histoire d\u2019Hateya la chamane et autres contes am\u00e9rindiens&nbsp;\u00bb<\/li>\n\n\n\n<li>19 f\u00e9vrier 2023&nbsp;: M\u00e9diath\u00e8que Andr\u00e9 Labarr\u00e8re (Pau). Spectacle \u00ab&nbsp;L\u2019histoire d\u2019Hateya la chamane et autres contes am\u00e9rindiens&nbsp;\u00bb<\/li>\n<\/ul>\n\n\n\n<p><strong>2022<\/strong><\/p>\n\n\n\n<ul class=\"wp-block-list\">\n<li>16 d\u00e9cembre 2022&nbsp;: \u00c9cole Henri IV \u00e0 Coarraze. Spectacle \u00ab&nbsp;L\u2019histoire d\u2019Hateya la chamane et autres contes am\u00e9rindiens&nbsp;\u00bb<\/li>\n\n\n\n<li>13 d\u00e9cembre 2022&nbsp;: \u00c9cole maternelle Louis Barthou \u00e0 Juran\u00e7on. Spectacle \u00ab&nbsp;L\u2019histoire d\u2019Hateya la chamane et autres contes am\u00e9rindiens&nbsp;\u00bb (version courte)<\/li>\n\n\n\n<li>2 d\u00e9cembre 2022&nbsp;: Relais Petite Enfance d\u2019Odos. Spectacle \u00ab&nbsp;Contes am\u00e9rindiens&nbsp;\u00bb<\/li>\n\n\n\n<li>13-16 octobre 2022&nbsp;: Festival Petite Enfance de Pau. Spectacles \u00ab&nbsp;Contes am\u00e9rindiens&nbsp;\u00bb et \u00ab&nbsp;L\u2019histoire d\u2019Hateya la chamane et autres contes am\u00e9rindiens&nbsp;\u00bb<\/li>\n\n\n\n<li>25 juin 2022&nbsp;: \u00ab&nbsp;Nuits des For\u00eats&nbsp;\u00bb organis\u00e9es par l\u2019\u00c9cole de la Nature du B\u00e9arn (Baliros). Spectacle \u00ab&nbsp;L\u2019histoire d\u2019Hateya la chamane et autres contes am\u00e9rindiens&nbsp;\u00bb<\/li>\n<\/ul>\n\n\n\n<p><em>De juin 2022 \u00e0 mai 2024 : accompagnement musical par Augusta Habas pour le spectacle : \u00ab&nbsp;L\u2019histoire d\u2019Hateya la chamane et autres contes am\u00e9rindiens&nbsp;\u00bb<\/em><\/p>\n","protected":false},"excerpt":{"rendered":"<p>Prochainement\u00a0: Dates pass\u00e9es&nbsp;: 2026 2025 2024 2023 2022 De juin 2022 \u00e0 mai 2024 : accompagnement musical par Augusta Habas pour le spectacle : \u00ab&nbsp;L\u2019histoire d\u2019Hateya la chamane et autres contes am\u00e9rindiens&nbsp;\u00bb<\/p>\n","protected":false},"author":1,"featured_media":0,"parent":419,"menu_order":0,"comment_status":"closed","ping_status":"closed","template":"","meta":{"neve_meta_sidebar":"","neve_meta_container":"","neve_meta_enable_content_width":"","neve_meta_content_width":0,"neve_meta_title_alignment":"","neve_meta_author_avatar":"","neve_post_elements_order":"","neve_meta_disable_header":"","neve_meta_disable_footer":"","neve_meta_disable_title":"","_themeisle_gutenberg_block_has_review":false,"footnotes":""},"class_list":["post-453","page","type-page","status-publish","hentry"],"_links":{"self":[{"href":"https:\/\/plumesdesonges.fr\/index.php\/wp-json\/wp\/v2\/pages\/453","targetHints":{"allow":["GET"]}}],"collection":[{"href":"https:\/\/plumesdesonges.fr\/index.php\/wp-json\/wp\/v2\/pages"}],"about":[{"href":"https:\/\/plumesdesonges.fr\/index.php\/wp-json\/wp\/v2\/types\/page"}],"author":[{"embeddable":true,"href":"https:\/\/plumesdesonges.fr\/index.php\/wp-json\/wp\/v2\/users\/1"}],"replies":[{"embeddable":true,"href":"https:\/\/plumesdesonges.fr\/index.php\/wp-json\/wp\/v2\/comments?post=453"}],"version-history":[{"count":55,"href":"https:\/\/plumesdesonges.fr\/index.php\/wp-json\/wp\/v2\/pages\/453\/revisions"}],"predecessor-version":[{"id":985,"href":"https:\/\/plumesdesonges.fr\/index.php\/wp-json\/wp\/v2\/pages\/453\/revisions\/985"}],"up":[{"embeddable":true,"href":"https:\/\/plumesdesonges.fr\/index.php\/wp-json\/wp\/v2\/pages\/419"}],"wp:attachment":[{"href":"https:\/\/plumesdesonges.fr\/index.php\/wp-json\/wp\/v2\/media?parent=453"}],"curies":[{"name":"wp","href":"https:\/\/api.w.org\/{rel}","templated":true}]}}